{"id":39671,"date":"2026-05-16T09:19:17","date_gmt":"2026-05-16T09:19:17","guid":{"rendered":"https:\/\/trendfurniture.ee\/?post_type=product&#038;p=39671"},"modified":"2026-05-16T09:19:17","modified_gmt":"2026-05-16T09:19:17","slug":"nurgakapp-2","status":"publish","type":"product","link":"https:\/\/trendfurniture.ee\/ru\/product\/nurgakapp-2\/","title":{"rendered":"Nurgakapp"},"content":{"rendered":"","protected":false},"excerpt":{"rendered":"<p>Kasuatud, heas korras nurgakapp, m\u00f5\u00f5tudega: 53 x 53 x 74, k\u00f5rgus 204<\/p>\n<p>Esineb v\u00e4iksemaid kriime.<\/p>\n<p>V\u00f5ti olemas, lukud toimivad.<\/p>\n<p>Hind: 155.-<\/p>","protected":false},"featured_media":39672,"template":"","meta":[],"product_brand":[],"product_cat":[59,126,107,108],"product_tag":[],"class_list":{"0":"post-39671","1":"product","2":"type-product","3":"status-publish","4":"has-post-thumbnail","6":"product_cat-antiik-kapid-kummutid","7":"product_cat-kummutid-kapid","8":"product_cat-sooginoud-serviisid","9":"product_cat-vitriinkapid","11":"first","12":"instock","13":"shipping-taxable","14":"purchasable","15":"product-type-simple"},"_links":{"self":[{"href":"https:\/\/trendfurniture.ee\/ru\/wp-json\/wp\/v2\/product\/39671","targetHints":{"allow":["GET"]}}],"collection":[{"href":"https:\/\/trendfurniture.ee\/ru\/wp-json\/wp\/v2\/product"}],"about":[{"href":"https:\/\/trendfurniture.ee\/ru\/wp-json\/wp\/v2\/types\/product"}],"version-history":[{"count":1,"href":"https:\/\/trendfurniture.ee\/ru\/wp-json\/wp\/v2\/product\/39671\/revisions"}],"predecessor-version":[{"id":39678,"href":"https:\/\/trendfurniture.ee\/ru\/wp-json\/wp\/v2\/product\/39671\/revisions\/39678"}],"wp:featuredmedia":[{"embeddable":true,"href":"https:\/\/trendfurniture.ee\/ru\/wp-json\/wp\/v2\/media\/39672"}],"wp:attachment":[{"href":"https:\/\/trendfurniture.ee\/ru\/wp-json\/wp\/v2\/media?parent=39671"}],"wp:term":[{"taxonomy":"product_brand","embeddable":true,"href":"https:\/\/trendfurniture.ee\/ru\/wp-json\/wp\/v2\/product_brand?post=39671"},{"taxonomy":"product_cat","embeddable":true,"href":"https:\/\/trendfurniture.ee\/ru\/wp-json\/wp\/v2\/product_cat?post=39671"},{"taxonomy":"product_tag","embeddable":true,"href":"https:\/\/trendfurniture.ee\/ru\/wp-json\/wp\/v2\/product_tag?post=39671"}],"curies":[{"name":"wp","href":"https:\/\/api.w.org\/{rel}","templated":true}]}}