{"id":39664,"date":"2026-05-16T08:13:07","date_gmt":"2026-05-16T08:13:07","guid":{"rendered":"https:\/\/trendfurniture.ee\/?post_type=product&#038;p=39664"},"modified":"2026-05-16T08:13:07","modified_gmt":"2026-05-16T08:13:07","slug":"diivan-furninova","status":"publish","type":"product","link":"https:\/\/trendfurniture.ee\/ru\/product\/diivan-furninova\/","title":{"rendered":"Diivan &#8220;FURNINOVA&#8221;"},"content":{"rendered":"","protected":false},"excerpt":{"rendered":"<p>Kasutaud, korralik &#8220;FURNINOVA&#8221; diivan m\u00f5\u00f5tudega: 255 x 95, k\u00f5rgus 75<\/p>\n<p>Esineb v\u00e4heke kasutusj\u00e4lgi.<\/p>\n<p>Hind: 149.-<\/p>","protected":false},"featured_media":39665,"template":"","meta":[],"product_brand":[],"product_cat":[164],"product_tag":[],"class_list":{"0":"post-39664","1":"product","2":"type-product","3":"status-publish","4":"has-post-thumbnail","6":"product_cat-diivanid","8":"first","9":"instock","10":"shipping-taxable","11":"purchasable","12":"product-type-simple"},"_links":{"self":[{"href":"https:\/\/trendfurniture.ee\/ru\/wp-json\/wp\/v2\/product\/39664","targetHints":{"allow":["GET"]}}],"collection":[{"href":"https:\/\/trendfurniture.ee\/ru\/wp-json\/wp\/v2\/product"}],"about":[{"href":"https:\/\/trendfurniture.ee\/ru\/wp-json\/wp\/v2\/types\/product"}],"version-history":[{"count":1,"href":"https:\/\/trendfurniture.ee\/ru\/wp-json\/wp\/v2\/product\/39664\/revisions"}],"predecessor-version":[{"id":39670,"href":"https:\/\/trendfurniture.ee\/ru\/wp-json\/wp\/v2\/product\/39664\/revisions\/39670"}],"wp:featuredmedia":[{"embeddable":true,"href":"https:\/\/trendfurniture.ee\/ru\/wp-json\/wp\/v2\/media\/39665"}],"wp:attachment":[{"href":"https:\/\/trendfurniture.ee\/ru\/wp-json\/wp\/v2\/media?parent=39664"}],"wp:term":[{"taxonomy":"product_brand","embeddable":true,"href":"https:\/\/trendfurniture.ee\/ru\/wp-json\/wp\/v2\/product_brand?post=39664"},{"taxonomy":"product_cat","embeddable":true,"href":"https:\/\/trendfurniture.ee\/ru\/wp-json\/wp\/v2\/product_cat?post=39664"},{"taxonomy":"product_tag","embeddable":true,"href":"https:\/\/trendfurniture.ee\/ru\/wp-json\/wp\/v2\/product_tag?post=39664"}],"curies":[{"name":"wp","href":"https:\/\/api.w.org\/{rel}","templated":true}]}}