{"id":39652,"date":"2026-05-14T11:16:35","date_gmt":"2026-05-14T11:16:35","guid":{"rendered":"https:\/\/trendfurniture.ee\/?post_type=product&#038;p=39652"},"modified":"2026-05-14T11:16:35","modified_gmt":"2026-05-14T11:16:35","slug":"konsoollaud","status":"publish","type":"product","link":"https:\/\/trendfurniture.ee\/ru\/product\/konsoollaud\/","title":{"rendered":"Konsoollaud"},"content":{"rendered":"","protected":false},"excerpt":{"rendered":"<p>Kasutatud, heas korras konsoollaud, m\u00f5\u00f5tudega:100 x 37, k\u00f5rgus 88<\/p>\n<p>Esineb paar v\u00e4iksemat defekti.<\/p>\n<p>Hind: 85.-<\/p>","protected":false},"featured_media":39653,"template":"","meta":[],"product_brand":[],"product_cat":[160,103],"product_tag":[],"class_list":{"0":"post-39652","1":"product","2":"type-product","3":"status-publish","4":"has-post-thumbnail","6":"product_cat-kirjutuslauad","7":"product_cat-soogilauad-toolid-1","9":"first","10":"instock","11":"shipping-taxable","12":"purchasable","13":"product-type-simple"},"_links":{"self":[{"href":"https:\/\/trendfurniture.ee\/ru\/wp-json\/wp\/v2\/product\/39652","targetHints":{"allow":["GET"]}}],"collection":[{"href":"https:\/\/trendfurniture.ee\/ru\/wp-json\/wp\/v2\/product"}],"about":[{"href":"https:\/\/trendfurniture.ee\/ru\/wp-json\/wp\/v2\/types\/product"}],"version-history":[{"count":1,"href":"https:\/\/trendfurniture.ee\/ru\/wp-json\/wp\/v2\/product\/39652\/revisions"}],"predecessor-version":[{"id":39661,"href":"https:\/\/trendfurniture.ee\/ru\/wp-json\/wp\/v2\/product\/39652\/revisions\/39661"}],"wp:featuredmedia":[{"embeddable":true,"href":"https:\/\/trendfurniture.ee\/ru\/wp-json\/wp\/v2\/media\/39653"}],"wp:attachment":[{"href":"https:\/\/trendfurniture.ee\/ru\/wp-json\/wp\/v2\/media?parent=39652"}],"wp:term":[{"taxonomy":"product_brand","embeddable":true,"href":"https:\/\/trendfurniture.ee\/ru\/wp-json\/wp\/v2\/product_brand?post=39652"},{"taxonomy":"product_cat","embeddable":true,"href":"https:\/\/trendfurniture.ee\/ru\/wp-json\/wp\/v2\/product_cat?post=39652"},{"taxonomy":"product_tag","embeddable":true,"href":"https:\/\/trendfurniture.ee\/ru\/wp-json\/wp\/v2\/product_tag?post=39652"}],"curies":[{"name":"wp","href":"https:\/\/api.w.org\/{rel}","templated":true}]}}