{"id":39187,"date":"2026-05-05T12:10:41","date_gmt":"2026-05-05T12:10:41","guid":{"rendered":"https:\/\/trendfurniture.ee\/?post_type=product&#038;p=39187"},"modified":"2026-05-05T12:10:41","modified_gmt":"2026-05-05T12:10:41","slug":"kattemadrats-memospace-7","status":"publish","type":"product","link":"https:\/\/trendfurniture.ee\/ru\/product\/kattemadrats-memospace-7\/","title":{"rendered":"Kattemadrats MEMOSPACE 7"},"content":{"rendered":"","protected":false},"excerpt":{"rendered":"<p>Kasutatud, v\u00e4ga heas korras kattemadrats MEMOSPACE 7, m\u00f5\u00f5tudega: 160 x 200, k\u00f5rgus 7<\/p>\n<p>Kate lukuga eemaldatav ja pestav.<\/p>\n<p>Hind: 85.-<\/p>","protected":false},"featured_media":39188,"template":"","meta":{"_acf_changed":false},"product_brand":[],"product_cat":[231],"product_tag":[],"class_list":{"0":"post-39187","1":"product","2":"type-product","3":"status-publish","4":"has-post-thumbnail","6":"product_cat-madratsid-kattemadratsid","8":"first","9":"instock","10":"shipping-taxable","11":"purchasable","12":"product-type-simple"},"acf":[],"_links":{"self":[{"href":"https:\/\/trendfurniture.ee\/ru\/wp-json\/wp\/v2\/product\/39187","targetHints":{"allow":["GET"]}}],"collection":[{"href":"https:\/\/trendfurniture.ee\/ru\/wp-json\/wp\/v2\/product"}],"about":[{"href":"https:\/\/trendfurniture.ee\/ru\/wp-json\/wp\/v2\/types\/product"}],"wp:featuredmedia":[{"embeddable":true,"href":"https:\/\/trendfurniture.ee\/ru\/wp-json\/wp\/v2\/media\/39188"}],"wp:attachment":[{"href":"https:\/\/trendfurniture.ee\/ru\/wp-json\/wp\/v2\/media?parent=39187"}],"wp:term":[{"taxonomy":"product_brand","embeddable":true,"href":"https:\/\/trendfurniture.ee\/ru\/wp-json\/wp\/v2\/product_brand?post=39187"},{"taxonomy":"product_cat","embeddable":true,"href":"https:\/\/trendfurniture.ee\/ru\/wp-json\/wp\/v2\/product_cat?post=39187"},{"taxonomy":"product_tag","embeddable":true,"href":"https:\/\/trendfurniture.ee\/ru\/wp-json\/wp\/v2\/product_tag?post=39187"}],"curies":[{"name":"wp","href":"https:\/\/api.w.org\/{rel}","templated":true}]}}