{"id":39115,"date":"2026-04-07T16:04:46","date_gmt":"2026-04-07T16:04:46","guid":{"rendered":"https:\/\/trendfurniture.ee\/?post_type=product&#038;p=39115"},"modified":"2026-04-07T16:04:46","modified_gmt":"2026-04-07T16:04:46","slug":"kummut-4","status":"publish","type":"product","link":"https:\/\/trendfurniture.ee\/ru\/product\/kummut-4\/","title":{"rendered":"Kummut"},"content":{"rendered":"","protected":false},"excerpt":{"rendered":"<p>Antiikne kummut, m\u00f5\u00f5tudega: 260 x 55, k\u00f5rgus 100<\/p>\n<p>Kummutil sahtlid puudu, esineb v\u00e4iksemaid kasutusj\u00e4lgi.<\/p>\n<p>Hind: 125.-<\/p>","protected":false},"featured_media":39116,"template":"","meta":{"_acf_changed":false},"product_brand":[],"product_cat":[59,126],"product_tag":[],"class_list":{"0":"post-39115","1":"product","2":"type-product","3":"status-publish","4":"has-post-thumbnail","6":"product_cat-antiik-kapid-kummutid","7":"product_cat-kummutid-kapid","9":"first","10":"instock","11":"shipping-taxable","12":"purchasable","13":"product-type-simple"},"acf":[],"_links":{"self":[{"href":"https:\/\/trendfurniture.ee\/ru\/wp-json\/wp\/v2\/product\/39115","targetHints":{"allow":["GET"]}}],"collection":[{"href":"https:\/\/trendfurniture.ee\/ru\/wp-json\/wp\/v2\/product"}],"about":[{"href":"https:\/\/trendfurniture.ee\/ru\/wp-json\/wp\/v2\/types\/product"}],"wp:featuredmedia":[{"embeddable":true,"href":"https:\/\/trendfurniture.ee\/ru\/wp-json\/wp\/v2\/media\/39116"}],"wp:attachment":[{"href":"https:\/\/trendfurniture.ee\/ru\/wp-json\/wp\/v2\/media?parent=39115"}],"wp:term":[{"taxonomy":"product_brand","embeddable":true,"href":"https:\/\/trendfurniture.ee\/ru\/wp-json\/wp\/v2\/product_brand?post=39115"},{"taxonomy":"product_cat","embeddable":true,"href":"https:\/\/trendfurniture.ee\/ru\/wp-json\/wp\/v2\/product_cat?post=39115"},{"taxonomy":"product_tag","embeddable":true,"href":"https:\/\/trendfurniture.ee\/ru\/wp-json\/wp\/v2\/product_tag?post=39115"}],"curies":[{"name":"wp","href":"https:\/\/api.w.org\/{rel}","templated":true}]}}