{"id":39096,"date":"2026-04-04T08:39:13","date_gmt":"2026-04-04T08:39:13","guid":{"rendered":"https:\/\/trendfurniture.ee\/?post_type=product&#038;p=39096"},"modified":"2026-04-04T08:39:13","modified_gmt":"2026-04-04T08:39:13","slug":"nurgakapp","status":"publish","type":"product","link":"https:\/\/trendfurniture.ee\/ru\/product\/nurgakapp\/","title":{"rendered":"Nurgakapp"},"content":{"rendered":"","protected":false},"excerpt":{"rendered":"<p>Kasutatud, v\u00e4ga heas korras, massiivne nurgakapp.<\/p>\n<p>M\u00f5\u00f5dud: laius eest 85, nurga k\u00fclgede laius 44, k\u00f5rgus 198<\/p>\n<p>Hind: 245.-<\/p>","protected":false},"featured_media":39097,"template":"","meta":{"_acf_changed":false},"product_brand":[],"product_cat":[126,107,108],"product_tag":[],"class_list":{"0":"post-39096","1":"product","2":"type-product","3":"status-publish","4":"has-post-thumbnail","6":"product_cat-kummutid-kapid","7":"product_cat-sooginoud-serviisid","8":"product_cat-vitriinkapid","10":"first","11":"instock","12":"shipping-taxable","13":"purchasable","14":"product-type-simple"},"acf":[],"_links":{"self":[{"href":"https:\/\/trendfurniture.ee\/ru\/wp-json\/wp\/v2\/product\/39096","targetHints":{"allow":["GET"]}}],"collection":[{"href":"https:\/\/trendfurniture.ee\/ru\/wp-json\/wp\/v2\/product"}],"about":[{"href":"https:\/\/trendfurniture.ee\/ru\/wp-json\/wp\/v2\/types\/product"}],"wp:featuredmedia":[{"embeddable":true,"href":"https:\/\/trendfurniture.ee\/ru\/wp-json\/wp\/v2\/media\/39097"}],"wp:attachment":[{"href":"https:\/\/trendfurniture.ee\/ru\/wp-json\/wp\/v2\/media?parent=39096"}],"wp:term":[{"taxonomy":"product_brand","embeddable":true,"href":"https:\/\/trendfurniture.ee\/ru\/wp-json\/wp\/v2\/product_brand?post=39096"},{"taxonomy":"product_cat","embeddable":true,"href":"https:\/\/trendfurniture.ee\/ru\/wp-json\/wp\/v2\/product_cat?post=39096"},{"taxonomy":"product_tag","embeddable":true,"href":"https:\/\/trendfurniture.ee\/ru\/wp-json\/wp\/v2\/product_tag?post=39096"}],"curies":[{"name":"wp","href":"https:\/\/api.w.org\/{rel}","templated":true}]}}