{"id":39054,"date":"2026-03-31T09:47:32","date_gmt":"2026-03-31T09:47:32","guid":{"rendered":"https:\/\/trendfurniture.ee\/?post_type=product&#038;p=39054"},"modified":"2026-03-31T09:47:32","modified_gmt":"2026-03-31T09:47:32","slug":"kontorilauad-2","status":"publish","type":"product","link":"https:\/\/trendfurniture.ee\/ru\/product\/kontorilauad-2\/","title":{"rendered":"Kontorilauad"},"content":{"rendered":"","protected":false},"excerpt":{"rendered":"<p>Kasutatud, v\u00e4ga heas korras kontorilauad, m\u00f5\u00f5tudega: 80 x 160, k\u00f5rgus 74<\/p>\n<p>Lauad heas korras ja tugeva raamiga.<\/p>\n<p>Saadaval 3 tk.<\/p>\n<p>Hind: 55.- tk.<\/p>","protected":false},"featured_media":39055,"template":"","meta":[],"product_brand":[],"product_cat":[160],"product_tag":[],"class_list":{"0":"post-39054","1":"product","2":"type-product","3":"status-publish","4":"has-post-thumbnail","6":"product_cat-kirjutuslauad","8":"first","9":"instock","10":"shipping-taxable","11":"purchasable","12":"product-type-simple"},"_links":{"self":[{"href":"https:\/\/trendfurniture.ee\/ru\/wp-json\/wp\/v2\/product\/39054","targetHints":{"allow":["GET"]}}],"collection":[{"href":"https:\/\/trendfurniture.ee\/ru\/wp-json\/wp\/v2\/product"}],"about":[{"href":"https:\/\/trendfurniture.ee\/ru\/wp-json\/wp\/v2\/types\/product"}],"version-history":[{"count":0,"href":"https:\/\/trendfurniture.ee\/ru\/wp-json\/wp\/v2\/product\/39054\/revisions"}],"wp:featuredmedia":[{"embeddable":true,"href":"https:\/\/trendfurniture.ee\/ru\/wp-json\/wp\/v2\/media\/39055"}],"wp:attachment":[{"href":"https:\/\/trendfurniture.ee\/ru\/wp-json\/wp\/v2\/media?parent=39054"}],"wp:term":[{"taxonomy":"product_brand","embeddable":true,"href":"https:\/\/trendfurniture.ee\/ru\/wp-json\/wp\/v2\/product_brand?post=39054"},{"taxonomy":"product_cat","embeddable":true,"href":"https:\/\/trendfurniture.ee\/ru\/wp-json\/wp\/v2\/product_cat?post=39054"},{"taxonomy":"product_tag","embeddable":true,"href":"https:\/\/trendfurniture.ee\/ru\/wp-json\/wp\/v2\/product_tag?post=39054"}],"curies":[{"name":"wp","href":"https:\/\/api.w.org\/{rel}","templated":true}]}}