{"id":38877,"date":"2026-03-02T13:20:29","date_gmt":"2026-03-02T13:20:29","guid":{"rendered":"https:\/\/trendfurniture.ee\/?post_type=product&#038;p=38877"},"modified":"2026-03-02T13:20:29","modified_gmt":"2026-03-02T13:20:29","slug":"kusetid-90-x-200-2-tk","status":"publish","type":"product","link":"https:\/\/trendfurniture.ee\/ru\/product\/kusetid-90-x-200-2-tk\/","title":{"rendered":"Ku\u0161etid 90 x 200, 2 tk."},"content":{"rendered":"","protected":false},"excerpt":{"rendered":"<p>M\u00fc\u00fca kasutatud, heas korras 2 ku\u0161eti 90 x 200, istumisk\u00f5rgus 45<\/p>\n<p>Vedrustus j\u00e4ik.<\/p>\n<p>\u00dchel esineb natuke kasutusj\u00e4lgi.<\/p>\n<p>Komplekti hind: 199.-<\/p>","protected":false},"featured_media":38878,"template":"","meta":{"_acf_changed":false},"product_brand":[],"product_cat":[229],"product_tag":[],"class_list":{"0":"post-38877","1":"product","2":"type-product","3":"status-publish","4":"has-post-thumbnail","6":"product_cat-voodid-kusetid","8":"first","9":"instock","10":"shipping-taxable","11":"purchasable","12":"product-type-simple"},"acf":[],"_links":{"self":[{"href":"https:\/\/trendfurniture.ee\/ru\/wp-json\/wp\/v2\/product\/38877","targetHints":{"allow":["GET"]}}],"collection":[{"href":"https:\/\/trendfurniture.ee\/ru\/wp-json\/wp\/v2\/product"}],"about":[{"href":"https:\/\/trendfurniture.ee\/ru\/wp-json\/wp\/v2\/types\/product"}],"wp:featuredmedia":[{"embeddable":true,"href":"https:\/\/trendfurniture.ee\/ru\/wp-json\/wp\/v2\/media\/38878"}],"wp:attachment":[{"href":"https:\/\/trendfurniture.ee\/ru\/wp-json\/wp\/v2\/media?parent=38877"}],"wp:term":[{"taxonomy":"product_brand","embeddable":true,"href":"https:\/\/trendfurniture.ee\/ru\/wp-json\/wp\/v2\/product_brand?post=38877"},{"taxonomy":"product_cat","embeddable":true,"href":"https:\/\/trendfurniture.ee\/ru\/wp-json\/wp\/v2\/product_cat?post=38877"},{"taxonomy":"product_tag","embeddable":true,"href":"https:\/\/trendfurniture.ee\/ru\/wp-json\/wp\/v2\/product_tag?post=38877"}],"curies":[{"name":"wp","href":"https:\/\/api.w.org\/{rel}","templated":true}]}}