{"id":38800,"date":"2026-02-19T12:42:50","date_gmt":"2026-02-19T12:42:50","guid":{"rendered":"https:\/\/trendfurniture.ee\/?post_type=product&#038;p=38800"},"modified":"2026-02-19T12:44:16","modified_gmt":"2026-02-19T12:44:16","slug":"riiul-kapid","status":"publish","type":"product","link":"https:\/\/trendfurniture.ee\/ru\/product\/riiul-kapid\/","title":{"rendered":"Riiul\/kapid"},"content":{"rendered":"","protected":false},"excerpt":{"rendered":"<p>Kasutatud, heas korras &#8220;STANDARD&#8221; riiul\/kapid, m\u00f5\u00f5tudega: 80 x 40, k\u00f5rgus 166<\/p>\n<p>Saadaval 3 tk.<\/p>\n<p>Hind: 66.- tk.<\/p>","protected":false},"featured_media":38801,"template":"","meta":{"_acf_changed":false},"product_brand":[],"product_cat":[126,241],"product_tag":[],"class_list":{"0":"post-38800","1":"product","2":"type-product","3":"status-publish","4":"has-post-thumbnail","6":"product_cat-kummutid-kapid","7":"product_cat-riiulid","9":"first","10":"instock","11":"shipping-taxable","12":"purchasable","13":"product-type-simple"},"acf":[],"_links":{"self":[{"href":"https:\/\/trendfurniture.ee\/ru\/wp-json\/wp\/v2\/product\/38800","targetHints":{"allow":["GET"]}}],"collection":[{"href":"https:\/\/trendfurniture.ee\/ru\/wp-json\/wp\/v2\/product"}],"about":[{"href":"https:\/\/trendfurniture.ee\/ru\/wp-json\/wp\/v2\/types\/product"}],"wp:featuredmedia":[{"embeddable":true,"href":"https:\/\/trendfurniture.ee\/ru\/wp-json\/wp\/v2\/media\/38801"}],"wp:attachment":[{"href":"https:\/\/trendfurniture.ee\/ru\/wp-json\/wp\/v2\/media?parent=38800"}],"wp:term":[{"taxonomy":"product_brand","embeddable":true,"href":"https:\/\/trendfurniture.ee\/ru\/wp-json\/wp\/v2\/product_brand?post=38800"},{"taxonomy":"product_cat","embeddable":true,"href":"https:\/\/trendfurniture.ee\/ru\/wp-json\/wp\/v2\/product_cat?post=38800"},{"taxonomy":"product_tag","embeddable":true,"href":"https:\/\/trendfurniture.ee\/ru\/wp-json\/wp\/v2\/product_tag?post=38800"}],"curies":[{"name":"wp","href":"https:\/\/api.w.org\/{rel}","templated":true}]}}