{"id":38781,"date":"2026-02-17T11:29:53","date_gmt":"2026-02-17T11:29:53","guid":{"rendered":"https:\/\/trendfurniture.ee\/?post_type=product&#038;p=38781"},"modified":"2026-02-17T11:29:53","modified_gmt":"2026-02-17T11:29:53","slug":"juuksekummid-240-tk","status":"publish","type":"product","link":"https:\/\/trendfurniture.ee\/ru\/product\/juuksekummid-240-tk\/","title":{"rendered":"Juuksekummid 240 tk."},"content":{"rendered":"","protected":false},"excerpt":{"rendered":"<p>UUED juuksekummid, pehmed minielaskikkummid.<br \/>\nKarbis 8 lehte ehk 240 tk. \u00fchel lehel 30 tk.<br \/>\nJuuksekummi l\u00e4bim\u00f5\u00f5t 20 mm.<br \/>\nSaadaval 30 + karpi.<br \/>\nSaatmis v\u00f5imalus.<br \/>\nKarbi hind 8.- ( 240 tk.)<\/p>","protected":false},"featured_media":38782,"template":"","meta":{"_acf_changed":false},"product_brand":[],"product_cat":[113,151],"product_tag":[],"class_list":{"0":"post-38781","1":"product","2":"type-product","3":"status-publish","4":"has-post-thumbnail","6":"product_cat-pudi-padi","7":"product_cat-varia","9":"first","10":"instock","11":"shipping-taxable","12":"purchasable","13":"product-type-simple"},"acf":[],"_links":{"self":[{"href":"https:\/\/trendfurniture.ee\/ru\/wp-json\/wp\/v2\/product\/38781","targetHints":{"allow":["GET"]}}],"collection":[{"href":"https:\/\/trendfurniture.ee\/ru\/wp-json\/wp\/v2\/product"}],"about":[{"href":"https:\/\/trendfurniture.ee\/ru\/wp-json\/wp\/v2\/types\/product"}],"wp:featuredmedia":[{"embeddable":true,"href":"https:\/\/trendfurniture.ee\/ru\/wp-json\/wp\/v2\/media\/38782"}],"wp:attachment":[{"href":"https:\/\/trendfurniture.ee\/ru\/wp-json\/wp\/v2\/media?parent=38781"}],"wp:term":[{"taxonomy":"product_brand","embeddable":true,"href":"https:\/\/trendfurniture.ee\/ru\/wp-json\/wp\/v2\/product_brand?post=38781"},{"taxonomy":"product_cat","embeddable":true,"href":"https:\/\/trendfurniture.ee\/ru\/wp-json\/wp\/v2\/product_cat?post=38781"},{"taxonomy":"product_tag","embeddable":true,"href":"https:\/\/trendfurniture.ee\/ru\/wp-json\/wp\/v2\/product_tag?post=38781"}],"curies":[{"name":"wp","href":"https:\/\/api.w.org\/{rel}","templated":true}]}}