{"id":38759,"date":"2026-02-09T13:33:22","date_gmt":"2026-02-09T13:33:22","guid":{"rendered":"https:\/\/trendfurniture.ee\/?post_type=product&#038;p=38759"},"modified":"2026-02-09T13:33:22","modified_gmt":"2026-02-09T13:33:22","slug":"kusett-90-x-200-3","status":"publish","type":"product","link":"https:\/\/trendfurniture.ee\/ru\/product\/kusett-90-x-200-3\/","title":{"rendered":"Ku\u0161ett 90 x 200"},"content":{"rendered":"","protected":false},"excerpt":{"rendered":"<div class=\"MuiGrid-root MuiGrid-container description css-1d3bbye\">\n<p>Kasutatud, v\u00e4ga heas korras &#8220;IKEA Sultan Songli&#8221; ku\u0161ett 90 x 200, istumisk\u00f5rgus 46 Vedrustus j\u00e4ik.<\/p>\n<p>Esineb natuke transpordi m\u00e4\u00e4rdumist.<\/p>\n<p>Hind: 120.-<\/p>\n<\/div>\n<div class=\"MuiGrid-root MuiGrid-container product-info-table css-1d3bbye\">\n<div class=\"product-condition\"><\/div>\n<div class=\"chips-item\"><\/div>\n<\/div>","protected":false},"featured_media":38760,"template":"","meta":{"_acf_changed":false},"product_brand":[],"product_cat":[229],"product_tag":[],"class_list":{"0":"post-38759","1":"product","2":"type-product","3":"status-publish","4":"has-post-thumbnail","6":"product_cat-voodid-kusetid","8":"first","9":"instock","10":"shipping-taxable","11":"purchasable","12":"product-type-simple"},"acf":[],"_links":{"self":[{"href":"https:\/\/trendfurniture.ee\/ru\/wp-json\/wp\/v2\/product\/38759","targetHints":{"allow":["GET"]}}],"collection":[{"href":"https:\/\/trendfurniture.ee\/ru\/wp-json\/wp\/v2\/product"}],"about":[{"href":"https:\/\/trendfurniture.ee\/ru\/wp-json\/wp\/v2\/types\/product"}],"wp:featuredmedia":[{"embeddable":true,"href":"https:\/\/trendfurniture.ee\/ru\/wp-json\/wp\/v2\/media\/38760"}],"wp:attachment":[{"href":"https:\/\/trendfurniture.ee\/ru\/wp-json\/wp\/v2\/media?parent=38759"}],"wp:term":[{"taxonomy":"product_brand","embeddable":true,"href":"https:\/\/trendfurniture.ee\/ru\/wp-json\/wp\/v2\/product_brand?post=38759"},{"taxonomy":"product_cat","embeddable":true,"href":"https:\/\/trendfurniture.ee\/ru\/wp-json\/wp\/v2\/product_cat?post=38759"},{"taxonomy":"product_tag","embeddable":true,"href":"https:\/\/trendfurniture.ee\/ru\/wp-json\/wp\/v2\/product_tag?post=38759"}],"curies":[{"name":"wp","href":"https:\/\/api.w.org\/{rel}","templated":true}]}}