{"id":38741,"date":"2026-01-30T14:36:39","date_gmt":"2026-01-30T14:36:39","guid":{"rendered":"https:\/\/trendfurniture.ee\/?post_type=product&#038;p=38741"},"modified":"2026-01-30T14:36:39","modified_gmt":"2026-01-30T14:36:39","slug":"kattemadratsid-90-x-210-2-tk","status":"publish","type":"product","link":"https:\/\/trendfurniture.ee\/ru\/product\/kattemadratsid-90-x-210-2-tk\/","title":{"rendered":"Kattemadratsid 90 x 210, 2 tk."},"content":{"rendered":"","protected":false},"excerpt":{"rendered":"<p>Kasutatud, v\u00e4ga heas korras, m\u00e4luvahuga kattemadratsid, m\u00f5\u00f5tudega: 90 x 210<\/p>\n<p>Kate lukuga eemaldatav.<\/p>\n<p>Saadaval 2 tk.<\/p>\n<p>Hind: 55.- tk.<\/p>","protected":false},"featured_media":38742,"template":"","meta":{"_acf_changed":false},"product_brand":[],"product_cat":[231],"product_tag":[],"class_list":{"0":"post-38741","1":"product","2":"type-product","3":"status-publish","4":"has-post-thumbnail","6":"product_cat-madratsid-kattemadratsid","8":"first","9":"instock","10":"shipping-taxable","11":"purchasable","12":"product-type-simple"},"acf":[],"_links":{"self":[{"href":"https:\/\/trendfurniture.ee\/ru\/wp-json\/wp\/v2\/product\/38741","targetHints":{"allow":["GET"]}}],"collection":[{"href":"https:\/\/trendfurniture.ee\/ru\/wp-json\/wp\/v2\/product"}],"about":[{"href":"https:\/\/trendfurniture.ee\/ru\/wp-json\/wp\/v2\/types\/product"}],"wp:featuredmedia":[{"embeddable":true,"href":"https:\/\/trendfurniture.ee\/ru\/wp-json\/wp\/v2\/media\/38742"}],"wp:attachment":[{"href":"https:\/\/trendfurniture.ee\/ru\/wp-json\/wp\/v2\/media?parent=38741"}],"wp:term":[{"taxonomy":"product_brand","embeddable":true,"href":"https:\/\/trendfurniture.ee\/ru\/wp-json\/wp\/v2\/product_brand?post=38741"},{"taxonomy":"product_cat","embeddable":true,"href":"https:\/\/trendfurniture.ee\/ru\/wp-json\/wp\/v2\/product_cat?post=38741"},{"taxonomy":"product_tag","embeddable":true,"href":"https:\/\/trendfurniture.ee\/ru\/wp-json\/wp\/v2\/product_tag?post=38741"}],"curies":[{"name":"wp","href":"https:\/\/api.w.org\/{rel}","templated":true}]}}