{"id":38307,"date":"2025-11-22T08:48:55","date_gmt":"2025-11-22T08:48:55","guid":{"rendered":"https:\/\/trendfurniture.ee\/?post_type=product&#038;p=38307"},"modified":"2025-11-22T08:48:55","modified_gmt":"2025-11-22T08:48:55","slug":"kuunlaalused-5","status":"publish","type":"product","link":"https:\/\/trendfurniture.ee\/ru\/product\/kuunlaalused-5\/","title":{"rendered":"K\u00fc\u00fcnlaalused"},"content":{"rendered":"","protected":false},"excerpt":{"rendered":"<p>UUED k\u00fc\u00fcnlaalused, l\u00e4bim\u00f5\u00f5duga 7 cm., k\u00f5rgus 8 cm.<\/p>\n<p>Saadaval 10 + tk.<\/p>\n<p>Saatmis v\u00f5imalus.<\/p>\n<p>Hind: 0.80 tk.<\/p>","protected":false},"featured_media":38308,"template":"","meta":{"_acf_changed":false},"product_brand":[],"product_cat":[113,151],"product_tag":[],"class_list":{"0":"post-38307","1":"product","2":"type-product","3":"status-publish","4":"has-post-thumbnail","6":"product_cat-pudi-padi","7":"product_cat-varia","9":"first","10":"instock","11":"shipping-taxable","12":"purchasable","13":"product-type-simple"},"acf":[],"_links":{"self":[{"href":"https:\/\/trendfurniture.ee\/ru\/wp-json\/wp\/v2\/product\/38307","targetHints":{"allow":["GET"]}}],"collection":[{"href":"https:\/\/trendfurniture.ee\/ru\/wp-json\/wp\/v2\/product"}],"about":[{"href":"https:\/\/trendfurniture.ee\/ru\/wp-json\/wp\/v2\/types\/product"}],"wp:featuredmedia":[{"embeddable":true,"href":"https:\/\/trendfurniture.ee\/ru\/wp-json\/wp\/v2\/media\/38308"}],"wp:attachment":[{"href":"https:\/\/trendfurniture.ee\/ru\/wp-json\/wp\/v2\/media?parent=38307"}],"wp:term":[{"taxonomy":"product_brand","embeddable":true,"href":"https:\/\/trendfurniture.ee\/ru\/wp-json\/wp\/v2\/product_brand?post=38307"},{"taxonomy":"product_cat","embeddable":true,"href":"https:\/\/trendfurniture.ee\/ru\/wp-json\/wp\/v2\/product_cat?post=38307"},{"taxonomy":"product_tag","embeddable":true,"href":"https:\/\/trendfurniture.ee\/ru\/wp-json\/wp\/v2\/product_tag?post=38307"}],"curies":[{"name":"wp","href":"https:\/\/api.w.org\/{rel}","templated":true}]}}