{"id":38258,"date":"2025-10-23T14:17:08","date_gmt":"2025-10-23T14:17:08","guid":{"rendered":"https:\/\/trendfurniture.ee\/?post_type=product&#038;p=38258"},"modified":"2025-10-23T14:17:08","modified_gmt":"2025-10-23T14:17:08","slug":"lastevoodid","status":"publish","type":"product","link":"https:\/\/trendfurniture.ee\/ru\/product\/lastevoodid\/","title":{"rendered":"Lastevoodid"},"content":{"rendered":"","protected":false},"excerpt":{"rendered":"<p>Kasutatud, heas korras, t\u00e4ispuidust, kolmekohalised lastevoodid, m\u00f5\u00f5tudega: 65 x 145, k\u00f5rgus 75<\/p>\n<p>Saadaval 5 + komplekti.<\/p>\n<p>Madrastid ei kuulu komplekti.<\/p>\n<p>Komplekti hind: 49.-<\/p>","protected":false},"featured_media":38259,"template":"","meta":{"_acf_changed":false},"product_brand":[],"product_cat":[229],"product_tag":[],"class_list":{"0":"post-38258","1":"product","2":"type-product","3":"status-publish","4":"has-post-thumbnail","6":"product_cat-voodid-kusetid","8":"first","9":"instock","10":"shipping-taxable","11":"purchasable","12":"product-type-simple"},"acf":[],"_links":{"self":[{"href":"https:\/\/trendfurniture.ee\/ru\/wp-json\/wp\/v2\/product\/38258","targetHints":{"allow":["GET"]}}],"collection":[{"href":"https:\/\/trendfurniture.ee\/ru\/wp-json\/wp\/v2\/product"}],"about":[{"href":"https:\/\/trendfurniture.ee\/ru\/wp-json\/wp\/v2\/types\/product"}],"wp:featuredmedia":[{"embeddable":true,"href":"https:\/\/trendfurniture.ee\/ru\/wp-json\/wp\/v2\/media\/38259"}],"wp:attachment":[{"href":"https:\/\/trendfurniture.ee\/ru\/wp-json\/wp\/v2\/media?parent=38258"}],"wp:term":[{"taxonomy":"product_brand","embeddable":true,"href":"https:\/\/trendfurniture.ee\/ru\/wp-json\/wp\/v2\/product_brand?post=38258"},{"taxonomy":"product_cat","embeddable":true,"href":"https:\/\/trendfurniture.ee\/ru\/wp-json\/wp\/v2\/product_cat?post=38258"},{"taxonomy":"product_tag","embeddable":true,"href":"https:\/\/trendfurniture.ee\/ru\/wp-json\/wp\/v2\/product_tag?post=38258"}],"curies":[{"name":"wp","href":"https:\/\/api.w.org\/{rel}","templated":true}]}}