{"id":38089,"date":"2025-09-19T12:30:17","date_gmt":"2025-09-19T12:30:17","guid":{"rendered":"https:\/\/trendfurniture.ee\/?post_type=product&#038;p=38089"},"modified":"2025-09-19T12:30:17","modified_gmt":"2025-09-19T12:30:17","slug":"kusett-90-x-200","status":"publish","type":"product","link":"https:\/\/trendfurniture.ee\/ru\/product\/kusett-90-x-200\/","title":{"rendered":"Ku\u0161ett 90 x 200"},"content":{"rendered":"","protected":false},"excerpt":{"rendered":"<p>Uuev\u00e4\u00e4rne &#8220;IKEA <span class=\"pip-price-module__name-decorator notranslate\">SKOTTERUD&#8221; ku\u0161ett 90 x 200, istumisk\u00f5rgus 53<\/span><\/p>\n<p><span class=\"pip-price-module__name-decorator notranslate\">Vedrustus j\u00e4ik.<\/span><\/p>\n<p><span class=\"pip-price-module__name-decorator notranslate\">Hind: 155.-<\/span><\/p>","protected":false},"featured_media":38090,"template":"","meta":{"_acf_changed":false},"product_brand":[],"product_cat":[229],"product_tag":[],"class_list":{"0":"post-38089","1":"product","2":"type-product","3":"status-publish","4":"has-post-thumbnail","6":"product_cat-voodid-kusetid","8":"first","9":"instock","10":"shipping-taxable","11":"purchasable","12":"product-type-simple"},"acf":[],"_links":{"self":[{"href":"https:\/\/trendfurniture.ee\/ru\/wp-json\/wp\/v2\/product\/38089","targetHints":{"allow":["GET"]}}],"collection":[{"href":"https:\/\/trendfurniture.ee\/ru\/wp-json\/wp\/v2\/product"}],"about":[{"href":"https:\/\/trendfurniture.ee\/ru\/wp-json\/wp\/v2\/types\/product"}],"wp:featuredmedia":[{"embeddable":true,"href":"https:\/\/trendfurniture.ee\/ru\/wp-json\/wp\/v2\/media\/38090"}],"wp:attachment":[{"href":"https:\/\/trendfurniture.ee\/ru\/wp-json\/wp\/v2\/media?parent=38089"}],"wp:term":[{"taxonomy":"product_brand","embeddable":true,"href":"https:\/\/trendfurniture.ee\/ru\/wp-json\/wp\/v2\/product_brand?post=38089"},{"taxonomy":"product_cat","embeddable":true,"href":"https:\/\/trendfurniture.ee\/ru\/wp-json\/wp\/v2\/product_cat?post=38089"},{"taxonomy":"product_tag","embeddable":true,"href":"https:\/\/trendfurniture.ee\/ru\/wp-json\/wp\/v2\/product_tag?post=38089"}],"curies":[{"name":"wp","href":"https:\/\/api.w.org\/{rel}","templated":true}]}}