{"id":37910,"date":"2025-08-12T11:50:18","date_gmt":"2025-08-12T11:50:18","guid":{"rendered":"https:\/\/trendfurniture.ee\/?post_type=product&#038;p=37910"},"modified":"2025-10-16T07:20:14","modified_gmt":"2025-10-16T07:20:14","slug":"voodid-80-x-200","status":"publish","type":"product","link":"https:\/\/trendfurniture.ee\/ru\/product\/voodid-80-x-200\/","title":{"rendered":"Voodid 80 x 200"},"content":{"rendered":"","protected":false},"excerpt":{"rendered":"<p>Kasutatud, heas korras vvodid 80 x 200 madratsile.<\/p>\n<p>Voodi tugev, alusplaat asetseb metallraamil.<\/p>\n<p>Voodi m\u00f5\u00f5dud: 86 x 206, k\u00f5rgus 65, madratsialune k\u00f5rgus 28<\/p>\n<p>Saadaval 10 + tk.<\/p>\n<p>Hind: 49.- tk.<\/p>","protected":false},"featured_media":37911,"template":"","meta":{"_acf_changed":false},"product_brand":[],"product_cat":[229],"product_tag":[],"class_list":{"0":"post-37910","1":"product","2":"type-product","3":"status-publish","4":"has-post-thumbnail","6":"product_cat-voodid-kusetid","8":"first","9":"instock","10":"sale","11":"shipping-taxable","12":"purchasable","13":"product-type-simple"},"acf":[],"_links":{"self":[{"href":"https:\/\/trendfurniture.ee\/ru\/wp-json\/wp\/v2\/product\/37910","targetHints":{"allow":["GET"]}}],"collection":[{"href":"https:\/\/trendfurniture.ee\/ru\/wp-json\/wp\/v2\/product"}],"about":[{"href":"https:\/\/trendfurniture.ee\/ru\/wp-json\/wp\/v2\/types\/product"}],"wp:featuredmedia":[{"embeddable":true,"href":"https:\/\/trendfurniture.ee\/ru\/wp-json\/wp\/v2\/media\/37911"}],"wp:attachment":[{"href":"https:\/\/trendfurniture.ee\/ru\/wp-json\/wp\/v2\/media?parent=37910"}],"wp:term":[{"taxonomy":"product_brand","embeddable":true,"href":"https:\/\/trendfurniture.ee\/ru\/wp-json\/wp\/v2\/product_brand?post=37910"},{"taxonomy":"product_cat","embeddable":true,"href":"https:\/\/trendfurniture.ee\/ru\/wp-json\/wp\/v2\/product_cat?post=37910"},{"taxonomy":"product_tag","embeddable":true,"href":"https:\/\/trendfurniture.ee\/ru\/wp-json\/wp\/v2\/product_tag?post=37910"}],"curies":[{"name":"wp","href":"https:\/\/api.w.org\/{rel}","templated":true}]}}