{"id":37628,"date":"2025-06-06T11:00:53","date_gmt":"2025-06-06T11:00:53","guid":{"rendered":"https:\/\/trendfurniture.ee\/?post_type=product&#038;p=37628"},"modified":"2025-06-06T11:00:53","modified_gmt":"2025-06-06T11:00:53","slug":"mooblijalad","status":"publish","type":"product","link":"https:\/\/trendfurniture.ee\/ru\/product\/mooblijalad\/","title":{"rendered":"M\u00f6\u00f6blijalad"},"content":{"rendered":"","protected":false},"excerpt":{"rendered":"<p>UUED m\u00f6\u00f6blijalad.<\/p>\n<p>M\u00f5\u00f5dud: l\u00e4bim\u00f5\u00f5t 85 mm, k\u00f5rgus 120 mm + keere 25 mm.<\/p>\n<p>Maretjal metall ja alumine taldmik kummist.<\/p>\n<p>Saadaval 20 + tk.<\/p>\n<p>Hind: 2.50 tk.<\/p>","protected":false},"featured_media":37629,"template":"","meta":{"_acf_changed":false},"product_brand":[],"product_cat":[245],"product_tag":[],"class_list":{"0":"post-37628","1":"product","2":"type-product","3":"status-publish","4":"has-post-thumbnail","6":"product_cat-moblifurnituur","8":"first","9":"instock","10":"shipping-taxable","11":"purchasable","12":"product-type-simple"},"acf":[],"_links":{"self":[{"href":"https:\/\/trendfurniture.ee\/ru\/wp-json\/wp\/v2\/product\/37628","targetHints":{"allow":["GET"]}}],"collection":[{"href":"https:\/\/trendfurniture.ee\/ru\/wp-json\/wp\/v2\/product"}],"about":[{"href":"https:\/\/trendfurniture.ee\/ru\/wp-json\/wp\/v2\/types\/product"}],"wp:featuredmedia":[{"embeddable":true,"href":"https:\/\/trendfurniture.ee\/ru\/wp-json\/wp\/v2\/media\/37629"}],"wp:attachment":[{"href":"https:\/\/trendfurniture.ee\/ru\/wp-json\/wp\/v2\/media?parent=37628"}],"wp:term":[{"taxonomy":"product_brand","embeddable":true,"href":"https:\/\/trendfurniture.ee\/ru\/wp-json\/wp\/v2\/product_brand?post=37628"},{"taxonomy":"product_cat","embeddable":true,"href":"https:\/\/trendfurniture.ee\/ru\/wp-json\/wp\/v2\/product_cat?post=37628"},{"taxonomy":"product_tag","embeddable":true,"href":"https:\/\/trendfurniture.ee\/ru\/wp-json\/wp\/v2\/product_tag?post=37628"}],"curies":[{"name":"wp","href":"https:\/\/api.w.org\/{rel}","templated":true}]}}