{"id":37592,"date":"2025-06-02T14:12:25","date_gmt":"2025-06-02T14:12:25","guid":{"rendered":"https:\/\/trendfurniture.ee\/?post_type=product&#038;p=37592"},"modified":"2025-06-02T14:12:25","modified_gmt":"2025-06-02T14:12:25","slug":"soogilaua-pikendusplaadid","status":"publish","type":"product","link":"https:\/\/trendfurniture.ee\/ru\/product\/soogilaua-pikendusplaadid\/","title":{"rendered":"S\u00f6\u00f6gilaua pikendusplaadid"},"content":{"rendered":"","protected":false},"excerpt":{"rendered":"<p>Heas korras, tammepuidust, antiikse s\u00f6\u00f6gilaua pikendusplaadid.<br \/>\n\u00dche plaadi m\u00f5\u00f5t 103 x 60.<br \/>\nKomplekti hind: 45.-<\/p>","protected":false},"featured_media":37593,"template":"","meta":{"_acf_changed":false},"product_brand":[],"product_cat":[103,56],"product_tag":[],"class_list":{"0":"post-37592","1":"product","2":"type-product","3":"status-publish","4":"has-post-thumbnail","6":"product_cat-soogilauad-toolid-1","7":"product_cat-lauad-lauakomplektid","9":"first","10":"instock","11":"shipping-taxable","12":"purchasable","13":"product-type-simple"},"acf":[],"_links":{"self":[{"href":"https:\/\/trendfurniture.ee\/ru\/wp-json\/wp\/v2\/product\/37592","targetHints":{"allow":["GET"]}}],"collection":[{"href":"https:\/\/trendfurniture.ee\/ru\/wp-json\/wp\/v2\/product"}],"about":[{"href":"https:\/\/trendfurniture.ee\/ru\/wp-json\/wp\/v2\/types\/product"}],"wp:featuredmedia":[{"embeddable":true,"href":"https:\/\/trendfurniture.ee\/ru\/wp-json\/wp\/v2\/media\/37593"}],"wp:attachment":[{"href":"https:\/\/trendfurniture.ee\/ru\/wp-json\/wp\/v2\/media?parent=37592"}],"wp:term":[{"taxonomy":"product_brand","embeddable":true,"href":"https:\/\/trendfurniture.ee\/ru\/wp-json\/wp\/v2\/product_brand?post=37592"},{"taxonomy":"product_cat","embeddable":true,"href":"https:\/\/trendfurniture.ee\/ru\/wp-json\/wp\/v2\/product_cat?post=37592"},{"taxonomy":"product_tag","embeddable":true,"href":"https:\/\/trendfurniture.ee\/ru\/wp-json\/wp\/v2\/product_tag?post=37592"}],"curies":[{"name":"wp","href":"https:\/\/api.w.org\/{rel}","templated":true}]}}