{"id":36108,"date":"2024-11-20T11:25:02","date_gmt":"2024-11-20T11:25:02","guid":{"rendered":"https:\/\/trendfurniture.ee\/?post_type=product&#038;p=36108"},"modified":"2024-11-20T11:25:02","modified_gmt":"2024-11-20T11:25:02","slug":"triikimislauad","status":"publish","type":"product","link":"https:\/\/trendfurniture.ee\/ru\/product\/triikimislauad\/","title":{"rendered":"Triikimislauad"},"content":{"rendered":"","protected":false},"excerpt":{"rendered":"<p>Kasutatud, korralikud, reguleeritava k\u00f5rgusega triikimislauad, m\u00f5\u00f5tudega: 100 x 32, k\u00f5rgus 73\/91<br \/>\nSaadaval 10 + tk.<br \/>\nHind: 7.- tk.<\/p>","protected":false},"featured_media":36109,"template":"","meta":{"_acf_changed":false},"product_brand":[],"product_cat":[113],"product_tag":[],"class_list":{"0":"post-36108","1":"product","2":"type-product","3":"status-publish","4":"has-post-thumbnail","6":"product_cat-pudi-padi","8":"first","9":"instock","10":"shipping-taxable","11":"purchasable","12":"product-type-simple"},"acf":[],"_links":{"self":[{"href":"https:\/\/trendfurniture.ee\/ru\/wp-json\/wp\/v2\/product\/36108","targetHints":{"allow":["GET"]}}],"collection":[{"href":"https:\/\/trendfurniture.ee\/ru\/wp-json\/wp\/v2\/product"}],"about":[{"href":"https:\/\/trendfurniture.ee\/ru\/wp-json\/wp\/v2\/types\/product"}],"wp:featuredmedia":[{"embeddable":true,"href":"https:\/\/trendfurniture.ee\/ru\/wp-json\/wp\/v2\/media\/36109"}],"wp:attachment":[{"href":"https:\/\/trendfurniture.ee\/ru\/wp-json\/wp\/v2\/media?parent=36108"}],"wp:term":[{"taxonomy":"product_brand","embeddable":true,"href":"https:\/\/trendfurniture.ee\/ru\/wp-json\/wp\/v2\/product_brand?post=36108"},{"taxonomy":"product_cat","embeddable":true,"href":"https:\/\/trendfurniture.ee\/ru\/wp-json\/wp\/v2\/product_cat?post=36108"},{"taxonomy":"product_tag","embeddable":true,"href":"https:\/\/trendfurniture.ee\/ru\/wp-json\/wp\/v2\/product_tag?post=36108"}],"curies":[{"name":"wp","href":"https:\/\/api.w.org\/{rel}","templated":true}]}}