{"id":36053,"date":"2024-11-14T11:09:32","date_gmt":"2024-11-14T11:09:32","guid":{"rendered":"https:\/\/trendfurniture.ee\/?post_type=product&#038;p=36053"},"modified":"2024-11-14T11:09:32","modified_gmt":"2024-11-14T11:09:32","slug":"parjad","status":"publish","type":"product","link":"https:\/\/trendfurniture.ee\/ru\/product\/parjad\/","title":{"rendered":"P\u00e4rjad"},"content":{"rendered":"","protected":false},"excerpt":{"rendered":"<p>UUED p\u00e4rjad,  l\u00e4bim\u00f5\u00f5duga 42, k\u00f5rgus 10<br \/>\nSaadaval 20 + tk.<br \/>\nHind: 4.- tk.<\/p>","protected":false},"featured_media":36054,"template":"","meta":{"_acf_changed":false},"product_brand":[],"product_cat":[113],"product_tag":[],"class_list":{"0":"post-36053","1":"product","2":"type-product","3":"status-publish","4":"has-post-thumbnail","6":"product_cat-pudi-padi","8":"first","9":"instock","10":"shipping-taxable","11":"purchasable","12":"product-type-simple"},"acf":[],"_links":{"self":[{"href":"https:\/\/trendfurniture.ee\/ru\/wp-json\/wp\/v2\/product\/36053","targetHints":{"allow":["GET"]}}],"collection":[{"href":"https:\/\/trendfurniture.ee\/ru\/wp-json\/wp\/v2\/product"}],"about":[{"href":"https:\/\/trendfurniture.ee\/ru\/wp-json\/wp\/v2\/types\/product"}],"wp:featuredmedia":[{"embeddable":true,"href":"https:\/\/trendfurniture.ee\/ru\/wp-json\/wp\/v2\/media\/36054"}],"wp:attachment":[{"href":"https:\/\/trendfurniture.ee\/ru\/wp-json\/wp\/v2\/media?parent=36053"}],"wp:term":[{"taxonomy":"product_brand","embeddable":true,"href":"https:\/\/trendfurniture.ee\/ru\/wp-json\/wp\/v2\/product_brand?post=36053"},{"taxonomy":"product_cat","embeddable":true,"href":"https:\/\/trendfurniture.ee\/ru\/wp-json\/wp\/v2\/product_cat?post=36053"},{"taxonomy":"product_tag","embeddable":true,"href":"https:\/\/trendfurniture.ee\/ru\/wp-json\/wp\/v2\/product_tag?post=36053"}],"curies":[{"name":"wp","href":"https:\/\/api.w.org\/{rel}","templated":true}]}}