{"id":35133,"date":"2024-06-05T09:58:31","date_gmt":"2024-06-05T09:58:31","guid":{"rendered":"https:\/\/trendfurniture.ee\/?post_type=product&#038;p=35133"},"modified":"2024-06-05T09:58:31","modified_gmt":"2024-06-05T09:58:31","slug":"aialaud-2","status":"publish","type":"product","link":"https:\/\/trendfurniture.ee\/ru\/product\/aialaud-2\/","title":{"rendered":"Aialaud"},"content":{"rendered":"","protected":false},"excerpt":{"rendered":"<p>UUS aialaud, m\u00f5\u00f5tudega: 90 x 160, k\u00f5rgus 71<\/p>","protected":false},"featured_media":35134,"template":"","meta":{"_acf_changed":false},"product_brand":[],"product_cat":[55],"product_tag":[],"class_list":{"0":"post-35133","1":"product","2":"type-product","3":"status-publish","4":"has-post-thumbnail","6":"product_cat-terrassi-aiamoobel","8":"first","9":"instock","10":"shipping-taxable","11":"purchasable","12":"product-type-simple"},"acf":[],"_links":{"self":[{"href":"https:\/\/trendfurniture.ee\/ru\/wp-json\/wp\/v2\/product\/35133","targetHints":{"allow":["GET"]}}],"collection":[{"href":"https:\/\/trendfurniture.ee\/ru\/wp-json\/wp\/v2\/product"}],"about":[{"href":"https:\/\/trendfurniture.ee\/ru\/wp-json\/wp\/v2\/types\/product"}],"wp:featuredmedia":[{"embeddable":true,"href":"https:\/\/trendfurniture.ee\/ru\/wp-json\/wp\/v2\/media\/35134"}],"wp:attachment":[{"href":"https:\/\/trendfurniture.ee\/ru\/wp-json\/wp\/v2\/media?parent=35133"}],"wp:term":[{"taxonomy":"product_brand","embeddable":true,"href":"https:\/\/trendfurniture.ee\/ru\/wp-json\/wp\/v2\/product_brand?post=35133"},{"taxonomy":"product_cat","embeddable":true,"href":"https:\/\/trendfurniture.ee\/ru\/wp-json\/wp\/v2\/product_cat?post=35133"},{"taxonomy":"product_tag","embeddable":true,"href":"https:\/\/trendfurniture.ee\/ru\/wp-json\/wp\/v2\/product_tag?post=35133"}],"curies":[{"name":"wp","href":"https:\/\/api.w.org\/{rel}","templated":true}]}}