{"id":35053,"date":"2024-05-22T11:31:38","date_gmt":"2024-05-22T11:31:38","guid":{"rendered":"https:\/\/trendfurniture.ee\/?post_type=product&#038;p=35053"},"modified":"2024-05-23T08:27:58","modified_gmt":"2024-05-23T08:27:58","slug":"kott-tool-2","status":"publish","type":"product","link":"https:\/\/trendfurniture.ee\/ru\/product\/kott-tool-2\/","title":{"rendered":"Kott-tool"},"content":{"rendered":"","protected":false},"excerpt":{"rendered":"<p>M\u00fc\u00fca UUED 150 liitrised kott-toolid, l\u00e4bim\u00f5\u00f5duga 65, k\u00f5rgus 75<br \/>\nSaadaval erinevad toonid.<br \/>\nHind: 54.90.- tk<\/p>\n<p>Toote kirjeldus<br \/>\nKott toolid on valmistatud spetsiaalse t\u00f6\u00f6tluse l\u00e4binud vetth\u00fclgavat pol\u00fcesterkangast, mis sobib kasutamiseks nii sise- kui v\u00e4litingimustes<br \/>\nRaamita kott-tooli eeliseks on see, et pideva kasutamise korral v\u00f5tab ta keha kuju ja muutub aja jooksul veelgi mugavamaks<br \/>\nT\u00e4itematerjaliks on vahtpol\u00fcst\u00fcreen graanulid<br \/>\nTopeltlukuga kahekordne p\u00f5hi tagab graanulite efektiivse seesp\u00fcsimise<br \/>\nKott-toolil on t\u00e4itmise koht, mille abil saab vajadusel lisada graanuleid.<\/p>","protected":false},"featured_media":35054,"template":"","meta":{"_acf_changed":false},"product_brand":[],"product_cat":[122,102,94],"product_tag":[],"class_list":{"0":"post-35053","1":"product","2":"type-product","3":"status-publish","4":"has-post-thumbnail","6":"product_cat-jarid-tumbad","7":"product_cat-toolid","8":"product_cat-tugitoolid","10":"first","11":"instock","12":"shipping-taxable","13":"purchasable","14":"product-type-simple"},"acf":[],"_links":{"self":[{"href":"https:\/\/trendfurniture.ee\/ru\/wp-json\/wp\/v2\/product\/35053","targetHints":{"allow":["GET"]}}],"collection":[{"href":"https:\/\/trendfurniture.ee\/ru\/wp-json\/wp\/v2\/product"}],"about":[{"href":"https:\/\/trendfurniture.ee\/ru\/wp-json\/wp\/v2\/types\/product"}],"wp:featuredmedia":[{"embeddable":true,"href":"https:\/\/trendfurniture.ee\/ru\/wp-json\/wp\/v2\/media\/35054"}],"wp:attachment":[{"href":"https:\/\/trendfurniture.ee\/ru\/wp-json\/wp\/v2\/media?parent=35053"}],"wp:term":[{"taxonomy":"product_brand","embeddable":true,"href":"https:\/\/trendfurniture.ee\/ru\/wp-json\/wp\/v2\/product_brand?post=35053"},{"taxonomy":"product_cat","embeddable":true,"href":"https:\/\/trendfurniture.ee\/ru\/wp-json\/wp\/v2\/product_cat?post=35053"},{"taxonomy":"product_tag","embeddable":true,"href":"https:\/\/trendfurniture.ee\/ru\/wp-json\/wp\/v2\/product_tag?post=35053"}],"curies":[{"name":"wp","href":"https:\/\/api.w.org\/{rel}","templated":true}]}}