{"id":34952,"date":"2024-05-08T08:02:24","date_gmt":"2024-05-08T08:02:24","guid":{"rendered":"https:\/\/trendfurniture.ee\/?post_type=product&#038;p=34952"},"modified":"2025-07-09T11:23:54","modified_gmt":"2025-07-09T11:23:54","slug":"taispuidust-pikendatav-aialaud-3","status":"publish","type":"product","link":"https:\/\/trendfurniture.ee\/ru\/product\/taispuidust-pikendatav-aialaud-3\/","title":{"rendered":"T\u00e4ispuidust, pikendatav aialaud"},"content":{"rendered":"","protected":false},"excerpt":{"rendered":"<p>UUS, t\u00e4ispuidust, pikendatav aialaud, m\u00f5\u00f5tudega: 100 x 143, k\u00f5rgus 73<br \/>\nPikendatult 100 x 204<\/p>","protected":false},"featured_media":34953,"template":"","meta":{"_acf_changed":false},"product_brand":[],"product_cat":[55],"product_tag":[],"class_list":{"0":"post-34952","1":"product","2":"type-product","3":"status-publish","4":"has-post-thumbnail","6":"product_cat-terrassi-aiamoobel","8":"first","9":"instock","10":"sale","11":"shipping-taxable","12":"purchasable","13":"product-type-simple"},"acf":[],"_links":{"self":[{"href":"https:\/\/trendfurniture.ee\/ru\/wp-json\/wp\/v2\/product\/34952","targetHints":{"allow":["GET"]}}],"collection":[{"href":"https:\/\/trendfurniture.ee\/ru\/wp-json\/wp\/v2\/product"}],"about":[{"href":"https:\/\/trendfurniture.ee\/ru\/wp-json\/wp\/v2\/types\/product"}],"wp:featuredmedia":[{"embeddable":true,"href":"https:\/\/trendfurniture.ee\/ru\/wp-json\/wp\/v2\/media\/34953"}],"wp:attachment":[{"href":"https:\/\/trendfurniture.ee\/ru\/wp-json\/wp\/v2\/media?parent=34952"}],"wp:term":[{"taxonomy":"product_brand","embeddable":true,"href":"https:\/\/trendfurniture.ee\/ru\/wp-json\/wp\/v2\/product_brand?post=34952"},{"taxonomy":"product_cat","embeddable":true,"href":"https:\/\/trendfurniture.ee\/ru\/wp-json\/wp\/v2\/product_cat?post=34952"},{"taxonomy":"product_tag","embeddable":true,"href":"https:\/\/trendfurniture.ee\/ru\/wp-json\/wp\/v2\/product_tag?post=34952"}],"curies":[{"name":"wp","href":"https:\/\/api.w.org\/{rel}","templated":true}]}}