{"id":34705,"date":"2024-04-10T08:10:16","date_gmt":"2024-04-10T08:10:16","guid":{"rendered":"https:\/\/trendfurniture.ee\/?post_type=product&#038;p=34705"},"modified":"2024-04-10T08:10:16","modified_gmt":"2024-04-10T08:10:16","slug":"uus-taispuidust-aialaud-2","status":"publish","type":"product","link":"https:\/\/trendfurniture.ee\/ru\/product\/uus-taispuidust-aialaud-2\/","title":{"rendered":"UUS, t\u00e4ispuidust aialaud"},"content":{"rendered":"","protected":false},"excerpt":{"rendered":"<p>UUS, t\u00e4ispuidust aialaud, m\u00f5\u00f5tudega: 85 x 150, k\u00f5rgus 73<\/p>","protected":false},"featured_media":34706,"template":"","meta":{"_acf_changed":false},"product_brand":[],"product_cat":[55],"product_tag":[],"class_list":{"0":"post-34705","1":"product","2":"type-product","3":"status-publish","4":"has-post-thumbnail","6":"product_cat-terrassi-aiamoobel","8":"first","9":"instock","10":"shipping-taxable","11":"purchasable","12":"product-type-simple"},"acf":[],"_links":{"self":[{"href":"https:\/\/trendfurniture.ee\/ru\/wp-json\/wp\/v2\/product\/34705","targetHints":{"allow":["GET"]}}],"collection":[{"href":"https:\/\/trendfurniture.ee\/ru\/wp-json\/wp\/v2\/product"}],"about":[{"href":"https:\/\/trendfurniture.ee\/ru\/wp-json\/wp\/v2\/types\/product"}],"wp:featuredmedia":[{"embeddable":true,"href":"https:\/\/trendfurniture.ee\/ru\/wp-json\/wp\/v2\/media\/34706"}],"wp:attachment":[{"href":"https:\/\/trendfurniture.ee\/ru\/wp-json\/wp\/v2\/media?parent=34705"}],"wp:term":[{"taxonomy":"product_brand","embeddable":true,"href":"https:\/\/trendfurniture.ee\/ru\/wp-json\/wp\/v2\/product_brand?post=34705"},{"taxonomy":"product_cat","embeddable":true,"href":"https:\/\/trendfurniture.ee\/ru\/wp-json\/wp\/v2\/product_cat?post=34705"},{"taxonomy":"product_tag","embeddable":true,"href":"https:\/\/trendfurniture.ee\/ru\/wp-json\/wp\/v2\/product_tag?post=34705"}],"curies":[{"name":"wp","href":"https:\/\/api.w.org\/{rel}","templated":true}]}}