{"id":34023,"date":"2024-01-26T08:22:42","date_gmt":"2024-01-26T08:22:42","guid":{"rendered":"https:\/\/trendfurniture.ee\/?post_type=product&#038;p=34023"},"modified":"2024-01-26T08:22:42","modified_gmt":"2024-01-26T08:22:42","slug":"kuunlajalg","status":"publish","type":"product","link":"https:\/\/trendfurniture.ee\/ru\/product\/kuunlajalg\/","title":{"rendered":"K\u00fc\u00fcnlajalg"},"content":{"rendered":"","protected":false},"excerpt":{"rendered":"<p>K\u00fc\u00fcnlajalg,  l\u00e4bim\u00f5\u00f5t 9, k\u00f5rgus 18<br \/>\nKogus 20tk.<br \/>\nhind: 1.80.- tk.<\/p>","protected":false},"featured_media":34025,"template":"","meta":{"_acf_changed":false},"product_brand":[],"product_cat":[113],"product_tag":[],"class_list":{"0":"post-34023","1":"product","2":"type-product","3":"status-publish","4":"has-post-thumbnail","6":"product_cat-pudi-padi","8":"first","9":"instock","10":"shipping-taxable","11":"purchasable","12":"product-type-simple"},"acf":[],"_links":{"self":[{"href":"https:\/\/trendfurniture.ee\/ru\/wp-json\/wp\/v2\/product\/34023","targetHints":{"allow":["GET"]}}],"collection":[{"href":"https:\/\/trendfurniture.ee\/ru\/wp-json\/wp\/v2\/product"}],"about":[{"href":"https:\/\/trendfurniture.ee\/ru\/wp-json\/wp\/v2\/types\/product"}],"wp:featuredmedia":[{"embeddable":true,"href":"https:\/\/trendfurniture.ee\/ru\/wp-json\/wp\/v2\/media\/34025"}],"wp:attachment":[{"href":"https:\/\/trendfurniture.ee\/ru\/wp-json\/wp\/v2\/media?parent=34023"}],"wp:term":[{"taxonomy":"product_brand","embeddable":true,"href":"https:\/\/trendfurniture.ee\/ru\/wp-json\/wp\/v2\/product_brand?post=34023"},{"taxonomy":"product_cat","embeddable":true,"href":"https:\/\/trendfurniture.ee\/ru\/wp-json\/wp\/v2\/product_cat?post=34023"},{"taxonomy":"product_tag","embeddable":true,"href":"https:\/\/trendfurniture.ee\/ru\/wp-json\/wp\/v2\/product_tag?post=34023"}],"curies":[{"name":"wp","href":"https:\/\/api.w.org\/{rel}","templated":true}]}}