{"id":33603,"date":"2023-11-22T07:28:45","date_gmt":"2023-11-22T07:28:45","guid":{"rendered":"https:\/\/trendfurniture.ee\/?post_type=product&#038;p=33603"},"modified":"2023-11-22T07:28:45","modified_gmt":"2023-11-22T07:28:45","slug":"tugitool-2","status":"publish","type":"product","link":"https:\/\/trendfurniture.ee\/ru\/product\/tugitool-2\/","title":{"rendered":"Tugitool"},"content":{"rendered":"","protected":false},"excerpt":{"rendered":"<p>Kasutatud, v\u00e4ga heas korras p\u00f6\u00f6rlev tugitool, m\u00f5\u00f5tudega: 66 x 90, k\u00f5rgus 88<\/p>","protected":false},"featured_media":33604,"template":"","meta":{"_acf_changed":false},"product_brand":[],"product_cat":[94],"product_tag":[],"class_list":{"0":"post-33603","1":"product","2":"type-product","3":"status-publish","4":"has-post-thumbnail","6":"product_cat-tugitoolid","8":"first","9":"instock","10":"shipping-taxable","11":"purchasable","12":"product-type-simple"},"acf":[],"_links":{"self":[{"href":"https:\/\/trendfurniture.ee\/ru\/wp-json\/wp\/v2\/product\/33603","targetHints":{"allow":["GET"]}}],"collection":[{"href":"https:\/\/trendfurniture.ee\/ru\/wp-json\/wp\/v2\/product"}],"about":[{"href":"https:\/\/trendfurniture.ee\/ru\/wp-json\/wp\/v2\/types\/product"}],"wp:featuredmedia":[{"embeddable":true,"href":"https:\/\/trendfurniture.ee\/ru\/wp-json\/wp\/v2\/media\/33604"}],"wp:attachment":[{"href":"https:\/\/trendfurniture.ee\/ru\/wp-json\/wp\/v2\/media?parent=33603"}],"wp:term":[{"taxonomy":"product_brand","embeddable":true,"href":"https:\/\/trendfurniture.ee\/ru\/wp-json\/wp\/v2\/product_brand?post=33603"},{"taxonomy":"product_cat","embeddable":true,"href":"https:\/\/trendfurniture.ee\/ru\/wp-json\/wp\/v2\/product_cat?post=33603"},{"taxonomy":"product_tag","embeddable":true,"href":"https:\/\/trendfurniture.ee\/ru\/wp-json\/wp\/v2\/product_tag?post=33603"}],"curies":[{"name":"wp","href":"https:\/\/api.w.org\/{rel}","templated":true}]}}