{"id":31901,"date":"2023-04-24T10:00:05","date_gmt":"2023-04-24T10:00:05","guid":{"rendered":"https:\/\/trendfurniture.ee\/?post_type=product&#038;p=31901"},"modified":"2023-09-22T07:28:36","modified_gmt":"2023-09-22T07:28:36","slug":"mannipuidust-soogilaud-4-taburetti","status":"publish","type":"product","link":"https:\/\/trendfurniture.ee\/ru\/product\/mannipuidust-soogilaud-4-taburetti\/","title":{"rendered":"M\u00e4nnipuidust s\u00f6\u00f6gilaud + 4 taburetti"},"content":{"rendered":"","protected":false},"excerpt":{"rendered":"<p>UUS m\u00e4nnipuidust s\u00f6\u00f6gilaud + 4 taburetti.<br \/>\nLaua m\u00f5\u00f5dud: 75 x 75, k\u00f5rgus 75<br \/>\nTabureti m\u00f5\u00f5dud: 35 x 35, k\u00f5rgus 45.<br \/>\nKomplekti hind: 250.-<br \/>\nEraldi ostes: laud 107.- tk.<br \/>\ntaburetid: 38.- tk.<br \/>\nKOHE SAADAVAL!<\/p>","protected":false},"featured_media":31902,"template":"","meta":{"_acf_changed":false},"product_brand":[],"product_cat":[103],"product_tag":[],"class_list":{"0":"post-31901","1":"product","2":"type-product","3":"status-publish","4":"has-post-thumbnail","6":"product_cat-soogilauad-toolid-1","8":"first","9":"instock","10":"shipping-taxable","11":"purchasable","12":"product-type-simple"},"acf":[],"_links":{"self":[{"href":"https:\/\/trendfurniture.ee\/ru\/wp-json\/wp\/v2\/product\/31901","targetHints":{"allow":["GET"]}}],"collection":[{"href":"https:\/\/trendfurniture.ee\/ru\/wp-json\/wp\/v2\/product"}],"about":[{"href":"https:\/\/trendfurniture.ee\/ru\/wp-json\/wp\/v2\/types\/product"}],"wp:featuredmedia":[{"embeddable":true,"href":"https:\/\/trendfurniture.ee\/ru\/wp-json\/wp\/v2\/media\/31902"}],"wp:attachment":[{"href":"https:\/\/trendfurniture.ee\/ru\/wp-json\/wp\/v2\/media?parent=31901"}],"wp:term":[{"taxonomy":"product_brand","embeddable":true,"href":"https:\/\/trendfurniture.ee\/ru\/wp-json\/wp\/v2\/product_brand?post=31901"},{"taxonomy":"product_cat","embeddable":true,"href":"https:\/\/trendfurniture.ee\/ru\/wp-json\/wp\/v2\/product_cat?post=31901"},{"taxonomy":"product_tag","embeddable":true,"href":"https:\/\/trendfurniture.ee\/ru\/wp-json\/wp\/v2\/product_tag?post=31901"}],"curies":[{"name":"wp","href":"https:\/\/api.w.org\/{rel}","templated":true}]}}