{"id":30815,"date":"2022-12-01T11:13:48","date_gmt":"2022-12-01T11:13:48","guid":{"rendered":"https:\/\/trendfurniture.ee\/?post_type=product&#038;p=30815"},"modified":"2025-07-17T10:27:39","modified_gmt":"2025-07-17T10:27:39","slug":"tammepuidust-tumba","status":"publish","type":"product","link":"https:\/\/trendfurniture.ee\/ru\/product\/tammepuidust-tumba\/","title":{"rendered":"Tammepuidust tumbad"},"content":{"rendered":"","protected":false},"excerpt":{"rendered":"<p>UUED tammepuidust tumbad, l\u00e4bim\u00f5\u00f5duga 49, k\u00f5rgus 43<br \/>\nHind: 95.- tk.<\/p>","protected":false},"featured_media":37758,"template":"","meta":{"_acf_changed":false},"product_brand":[],"product_cat":[122],"product_tag":[],"class_list":{"0":"post-30815","1":"product","2":"type-product","3":"status-publish","4":"has-post-thumbnail","6":"product_cat-jarid-tumbad","8":"first","9":"instock","10":"shipping-taxable","11":"purchasable","12":"product-type-simple"},"acf":[],"_links":{"self":[{"href":"https:\/\/trendfurniture.ee\/ru\/wp-json\/wp\/v2\/product\/30815","targetHints":{"allow":["GET"]}}],"collection":[{"href":"https:\/\/trendfurniture.ee\/ru\/wp-json\/wp\/v2\/product"}],"about":[{"href":"https:\/\/trendfurniture.ee\/ru\/wp-json\/wp\/v2\/types\/product"}],"wp:featuredmedia":[{"embeddable":true,"href":"https:\/\/trendfurniture.ee\/ru\/wp-json\/wp\/v2\/media\/37758"}],"wp:attachment":[{"href":"https:\/\/trendfurniture.ee\/ru\/wp-json\/wp\/v2\/media?parent=30815"}],"wp:term":[{"taxonomy":"product_brand","embeddable":true,"href":"https:\/\/trendfurniture.ee\/ru\/wp-json\/wp\/v2\/product_brand?post=30815"},{"taxonomy":"product_cat","embeddable":true,"href":"https:\/\/trendfurniture.ee\/ru\/wp-json\/wp\/v2\/product_cat?post=30815"},{"taxonomy":"product_tag","embeddable":true,"href":"https:\/\/trendfurniture.ee\/ru\/wp-json\/wp\/v2\/product_tag?post=30815"}],"curies":[{"name":"wp","href":"https:\/\/api.w.org\/{rel}","templated":true}]}}