{"id":30284,"date":"2022-10-03T11:06:02","date_gmt":"2022-10-03T11:06:02","guid":{"rendered":"https:\/\/trendfurniture.ee\/?post_type=product&#038;p=30284"},"modified":"2022-10-03T11:06:03","modified_gmt":"2022-10-03T11:06:03","slug":"taispuidust-kapiuksed","status":"publish","type":"product","link":"https:\/\/trendfurniture.ee\/ru\/product\/taispuidust-kapiuksed\/","title":{"rendered":"T\u00e4ispuidust kapiuksed"},"content":{"rendered":"","protected":false},"excerpt":{"rendered":"<p>Uued t\u00e4ispuidust kapiuksed.<\/p>\n<p>\u00dche kapi ukse m\u00f5\u00f5dud 33 x 70<\/p>\n<p>Kogus 20plus paari.<\/p>\n<p>\u00dche paari hind 10.-<\/p>","protected":false},"featured_media":30285,"template":"","meta":{"_acf_changed":false},"product_brand":[],"product_cat":[113,151],"product_tag":[],"class_list":{"0":"post-30284","1":"product","2":"type-product","3":"status-publish","4":"has-post-thumbnail","6":"product_cat-pudi-padi","7":"product_cat-varia","9":"first","10":"instock","11":"shipping-taxable","12":"purchasable","13":"product-type-simple"},"acf":[],"_links":{"self":[{"href":"https:\/\/trendfurniture.ee\/ru\/wp-json\/wp\/v2\/product\/30284","targetHints":{"allow":["GET"]}}],"collection":[{"href":"https:\/\/trendfurniture.ee\/ru\/wp-json\/wp\/v2\/product"}],"about":[{"href":"https:\/\/trendfurniture.ee\/ru\/wp-json\/wp\/v2\/types\/product"}],"wp:featuredmedia":[{"embeddable":true,"href":"https:\/\/trendfurniture.ee\/ru\/wp-json\/wp\/v2\/media\/30285"}],"wp:attachment":[{"href":"https:\/\/trendfurniture.ee\/ru\/wp-json\/wp\/v2\/media?parent=30284"}],"wp:term":[{"taxonomy":"product_brand","embeddable":true,"href":"https:\/\/trendfurniture.ee\/ru\/wp-json\/wp\/v2\/product_brand?post=30284"},{"taxonomy":"product_cat","embeddable":true,"href":"https:\/\/trendfurniture.ee\/ru\/wp-json\/wp\/v2\/product_cat?post=30284"},{"taxonomy":"product_tag","embeddable":true,"href":"https:\/\/trendfurniture.ee\/ru\/wp-json\/wp\/v2\/product_tag?post=30284"}],"curies":[{"name":"wp","href":"https:\/\/api.w.org\/{rel}","templated":true}]}}