{"id":30240,"date":"2022-10-03T08:52:51","date_gmt":"2022-10-03T08:52:51","guid":{"rendered":"https:\/\/trendfurniture.ee\/?post_type=product&#038;p=30240"},"modified":"2022-10-03T08:52:51","modified_gmt":"2022-10-03T08:52:51","slug":"kuunlaalus-6-ne","status":"publish","type":"product","link":"https:\/\/trendfurniture.ee\/ru\/product\/kuunlaalus-6-ne\/","title":{"rendered":"K\u00fc\u00fcnlaalus 6-ne"},"content":{"rendered":"","protected":false},"excerpt":{"rendered":"<p>\u00dcksikasjad<br \/>\nK\u00fc\u00fcnlaalus 6 k\u00fc\u00fcnlale<\/p>\n<p>V\u00e4rv<br \/>\nP\u00f5hi: antiikse viimistlusega<br \/>\nK\u00fc\u00fcnlaalus: l\u00e4bipaistev<\/p>\n<p>M\u00f5\u00f5dud:<br \/>\nLaius 26 cm<br \/>\nK\u00f5rgus 14 cm<br \/>\nS\u00fcgavus 22 cm<\/p>\n<p>Materjal<br \/>\nAlus: kaetud alumiinium<br \/>\nK\u00fc\u00fcnlaalus: klaas<\/p>","protected":false},"featured_media":30241,"template":"","meta":{"_acf_changed":false},"product_brand":[],"product_cat":[151],"product_tag":[],"class_list":{"0":"post-30240","1":"product","2":"type-product","3":"status-publish","4":"has-post-thumbnail","6":"product_cat-varia","8":"first","9":"instock","10":"shipping-taxable","11":"purchasable","12":"product-type-simple"},"acf":[],"_links":{"self":[{"href":"https:\/\/trendfurniture.ee\/ru\/wp-json\/wp\/v2\/product\/30240","targetHints":{"allow":["GET"]}}],"collection":[{"href":"https:\/\/trendfurniture.ee\/ru\/wp-json\/wp\/v2\/product"}],"about":[{"href":"https:\/\/trendfurniture.ee\/ru\/wp-json\/wp\/v2\/types\/product"}],"wp:featuredmedia":[{"embeddable":true,"href":"https:\/\/trendfurniture.ee\/ru\/wp-json\/wp\/v2\/media\/30241"}],"wp:attachment":[{"href":"https:\/\/trendfurniture.ee\/ru\/wp-json\/wp\/v2\/media?parent=30240"}],"wp:term":[{"taxonomy":"product_brand","embeddable":true,"href":"https:\/\/trendfurniture.ee\/ru\/wp-json\/wp\/v2\/product_brand?post=30240"},{"taxonomy":"product_cat","embeddable":true,"href":"https:\/\/trendfurniture.ee\/ru\/wp-json\/wp\/v2\/product_cat?post=30240"},{"taxonomy":"product_tag","embeddable":true,"href":"https:\/\/trendfurniture.ee\/ru\/wp-json\/wp\/v2\/product_tag?post=30240"}],"curies":[{"name":"wp","href":"https:\/\/api.w.org\/{rel}","templated":true}]}}