{"id":30091,"date":"2022-09-30T08:53:09","date_gmt":"2022-09-30T08:53:09","guid":{"rendered":"https:\/\/trendfurniture.ee\/?post_type=product&#038;p=30091"},"modified":"2024-10-10T08:23:29","modified_gmt":"2024-10-10T08:23:29","slug":"bhutani-bambusest-ripplamp","status":"publish","type":"product","link":"https:\/\/www.trendfurniture.ee\/ru\/product\/bhutani-bambusest-ripplamp\/","title":{"rendered":"Bhutani bambusest ripplamp"},"content":{"rendered":"","protected":false},"excerpt":{"rendered":"<p>\u00dcksikasjad<br \/>\n&#8211; Boho stiilis rippvalgusti<br \/>\n&#8211; Bambusest vitstest toon<br \/>\n&#8211; Kuna tegemist on loodusliku tootega, on v\u00f5imalikud k\u00f5rvalekalded v\u00e4rvis ja suuruses. Iga toode on ainulaadne!<\/p>\n<p>&#8211; Elektrifitseerimine: 1 x E27, max. 40 W<br \/>\n&#8211; Pirn ei kuulu komplekti<br \/>\n&#8211; H\u00e4mardatav sobiva dimmeri ja pirniga<\/p>\n<p>V\u00e4rv<br \/>\nLambikuppel: bee\u017e, must<br \/>\nLambihoidja: must<br \/>\nVarikatus: must<br \/>\nKaabel: must<\/p>\n<p>M\u00f5\u00f5dud:<br \/>\nL\u00e4bim\u00f5\u00f5t 50 cm<br \/>\nK\u00f5rgus 30 cm<br \/>\nLamp: reguleeritava k\u00f5rgusega kuni max. 230 cm<\/p>\n<p>Materjal<br \/>\nLambikuppel: bambus<br \/>\nVarikatus: kaetud metall<br \/>\nKaabel: kaetud kangaga<\/p>","protected":false},"featured_media":30092,"template":"","meta":{"_acf_changed":false},"product_brand":[],"product_cat":[171],"product_tag":[],"class_list":{"0":"post-30091","1":"product","2":"type-product","3":"status-publish","4":"has-post-thumbnail","6":"product_cat-valgustid","8":"first","9":"instock","10":"sale","11":"shipping-taxable","12":"purchasable","13":"product-type-simple"},"acf":[],"_links":{"self":[{"href":"https:\/\/www.trendfurniture.ee\/ru\/wp-json\/wp\/v2\/product\/30091","targetHints":{"allow":["GET"]}}],"collection":[{"href":"https:\/\/www.trendfurniture.ee\/ru\/wp-json\/wp\/v2\/product"}],"about":[{"href":"https:\/\/www.trendfurniture.ee\/ru\/wp-json\/wp\/v2\/types\/product"}],"wp:featuredmedia":[{"embeddable":true,"href":"https:\/\/www.trendfurniture.ee\/ru\/wp-json\/wp\/v2\/media\/30092"}],"wp:attachment":[{"href":"https:\/\/www.trendfurniture.ee\/ru\/wp-json\/wp\/v2\/media?parent=30091"}],"wp:term":[{"taxonomy":"product_brand","embeddable":true,"href":"https:\/\/www.trendfurniture.ee\/ru\/wp-json\/wp\/v2\/product_brand?post=30091"},{"taxonomy":"product_cat","embeddable":true,"href":"https:\/\/www.trendfurniture.ee\/ru\/wp-json\/wp\/v2\/product_cat?post=30091"},{"taxonomy":"product_tag","embeddable":true,"href":"https:\/\/www.trendfurniture.ee\/ru\/wp-json\/wp\/v2\/product_tag?post=30091"}],"curies":[{"name":"wp","href":"https:\/\/api.w.org\/{rel}","templated":true}]}}