{"id":29892,"date":"2022-09-26T06:08:19","date_gmt":"2022-09-26T06:08:19","guid":{"rendered":"https:\/\/trendfurniture.ee\/?post_type=product&#038;p=29892"},"modified":"2022-09-26T06:08:19","modified_gmt":"2022-09-26T06:08:19","slug":"kuunlaalused-2","status":"publish","type":"product","link":"https:\/\/trendfurniture.ee\/ru\/product\/kuunlaalused-2\/","title":{"rendered":"K\u00fc\u00fcnlaalused 2"},"content":{"rendered":"","protected":false},"excerpt":{"rendered":"<div dir=\"auto\">Uued k\u00fc\u00fcnlaalused, l\u00e4bim\u00f5\u00f5duga 10, k\u00f5rgus 9<\/div>\n<div dir=\"auto\">Saadaval 20 + tk.<\/div>\n<div dir=\"auto\">Hind: 2.50 tk.<\/div>","protected":false},"featured_media":29893,"template":"","meta":{"_acf_changed":false},"product_brand":[],"product_cat":[113],"product_tag":[],"class_list":{"0":"post-29892","1":"product","2":"type-product","3":"status-publish","4":"has-post-thumbnail","6":"product_cat-pudi-padi","8":"first","9":"instock","10":"shipping-taxable","11":"purchasable","12":"product-type-simple"},"acf":[],"_links":{"self":[{"href":"https:\/\/trendfurniture.ee\/ru\/wp-json\/wp\/v2\/product\/29892","targetHints":{"allow":["GET"]}}],"collection":[{"href":"https:\/\/trendfurniture.ee\/ru\/wp-json\/wp\/v2\/product"}],"about":[{"href":"https:\/\/trendfurniture.ee\/ru\/wp-json\/wp\/v2\/types\/product"}],"wp:featuredmedia":[{"embeddable":true,"href":"https:\/\/trendfurniture.ee\/ru\/wp-json\/wp\/v2\/media\/29893"}],"wp:attachment":[{"href":"https:\/\/trendfurniture.ee\/ru\/wp-json\/wp\/v2\/media?parent=29892"}],"wp:term":[{"taxonomy":"product_brand","embeddable":true,"href":"https:\/\/trendfurniture.ee\/ru\/wp-json\/wp\/v2\/product_brand?post=29892"},{"taxonomy":"product_cat","embeddable":true,"href":"https:\/\/trendfurniture.ee\/ru\/wp-json\/wp\/v2\/product_cat?post=29892"},{"taxonomy":"product_tag","embeddable":true,"href":"https:\/\/trendfurniture.ee\/ru\/wp-json\/wp\/v2\/product_tag?post=29892"}],"curies":[{"name":"wp","href":"https:\/\/api.w.org\/{rel}","templated":true}]}}