{"id":29478,"date":"2022-09-22T08:36:19","date_gmt":"2022-09-22T08:36:19","guid":{"rendered":"https:\/\/trendfurniture.ee\/?post_type=product&#038;p=29478"},"modified":"2026-04-10T07:22:20","modified_gmt":"2026-04-10T07:22:20","slug":"taispuidust-latern","status":"publish","type":"product","link":"https:\/\/trendfurniture.ee\/ru\/product\/taispuidust-latern\/","title":{"rendered":"T\u00e4ispuidust latern"},"content":{"rendered":"","protected":false},"excerpt":{"rendered":"<p>UUS t\u00e4ispuidust latern, m\u00f5\u00f5tudega: 26 x 26, k\u00f5rgus 34, rippek\u00f5rgus 57.<\/p>\n<p>Saadaval 5 + tk.<\/p>","protected":false},"featured_media":29479,"template":"","meta":{"_acf_changed":false},"product_brand":[],"product_cat":[113,151],"product_tag":[],"class_list":{"0":"post-29478","1":"product","2":"type-product","3":"status-publish","4":"has-post-thumbnail","6":"product_cat-pudi-padi","7":"product_cat-varia","9":"first","10":"instock","11":"sale","12":"shipping-taxable","13":"purchasable","14":"product-type-simple"},"acf":[],"_links":{"self":[{"href":"https:\/\/trendfurniture.ee\/ru\/wp-json\/wp\/v2\/product\/29478","targetHints":{"allow":["GET"]}}],"collection":[{"href":"https:\/\/trendfurniture.ee\/ru\/wp-json\/wp\/v2\/product"}],"about":[{"href":"https:\/\/trendfurniture.ee\/ru\/wp-json\/wp\/v2\/types\/product"}],"wp:featuredmedia":[{"embeddable":true,"href":"https:\/\/trendfurniture.ee\/ru\/wp-json\/wp\/v2\/media\/29479"}],"wp:attachment":[{"href":"https:\/\/trendfurniture.ee\/ru\/wp-json\/wp\/v2\/media?parent=29478"}],"wp:term":[{"taxonomy":"product_brand","embeddable":true,"href":"https:\/\/trendfurniture.ee\/ru\/wp-json\/wp\/v2\/product_brand?post=29478"},{"taxonomy":"product_cat","embeddable":true,"href":"https:\/\/trendfurniture.ee\/ru\/wp-json\/wp\/v2\/product_cat?post=29478"},{"taxonomy":"product_tag","embeddable":true,"href":"https:\/\/trendfurniture.ee\/ru\/wp-json\/wp\/v2\/product_tag?post=29478"}],"curies":[{"name":"wp","href":"https:\/\/api.w.org\/{rel}","templated":true}]}}