{"id":29264,"date":"2022-09-22T06:09:01","date_gmt":"2022-09-22T06:09:01","guid":{"rendered":"https:\/\/trendfurniture.ee\/?post_type=product&#038;p=29264"},"modified":"2022-09-22T06:09:02","modified_gmt":"2022-09-22T06:09:02","slug":"klaasist-kuunlaalused","status":"publish","type":"product","link":"https:\/\/trendfurniture.ee\/ru\/product\/klaasist-kuunlaalused\/","title":{"rendered":"Klaasist k\u00fc\u00fcnlaalused"},"content":{"rendered":"","protected":false},"excerpt":{"rendered":"<div dir=\"auto\">UUED klaasist k\u00fc\u00fcnlaalused, l\u00e4bim\u00f5\u00f5duga 9, k\u00f5rgus 8<\/div>\n<div dir=\"auto\">Saadaval 100 + tk.<\/div>\n<div dir=\"auto\">Hind: 2.- tk.<\/div>","protected":false},"featured_media":29265,"template":"","meta":{"_acf_changed":false},"product_brand":[],"product_cat":[113],"product_tag":[],"class_list":{"0":"post-29264","1":"product","2":"type-product","3":"status-publish","4":"has-post-thumbnail","6":"product_cat-pudi-padi","8":"first","9":"instock","10":"shipping-taxable","11":"purchasable","12":"product-type-simple"},"acf":[],"_links":{"self":[{"href":"https:\/\/trendfurniture.ee\/ru\/wp-json\/wp\/v2\/product\/29264","targetHints":{"allow":["GET"]}}],"collection":[{"href":"https:\/\/trendfurniture.ee\/ru\/wp-json\/wp\/v2\/product"}],"about":[{"href":"https:\/\/trendfurniture.ee\/ru\/wp-json\/wp\/v2\/types\/product"}],"wp:featuredmedia":[{"embeddable":true,"href":"https:\/\/trendfurniture.ee\/ru\/wp-json\/wp\/v2\/media\/29265"}],"wp:attachment":[{"href":"https:\/\/trendfurniture.ee\/ru\/wp-json\/wp\/v2\/media?parent=29264"}],"wp:term":[{"taxonomy":"product_brand","embeddable":true,"href":"https:\/\/trendfurniture.ee\/ru\/wp-json\/wp\/v2\/product_brand?post=29264"},{"taxonomy":"product_cat","embeddable":true,"href":"https:\/\/trendfurniture.ee\/ru\/wp-json\/wp\/v2\/product_cat?post=29264"},{"taxonomy":"product_tag","embeddable":true,"href":"https:\/\/trendfurniture.ee\/ru\/wp-json\/wp\/v2\/product_tag?post=29264"}],"curies":[{"name":"wp","href":"https:\/\/api.w.org\/{rel}","templated":true}]}}