{"id":28988,"date":"2022-09-21T06:43:31","date_gmt":"2022-09-21T06:43:31","guid":{"rendered":"https:\/\/trendfurniture.ee\/?post_type=product&#038;p=28988"},"modified":"2022-09-21T08:39:54","modified_gmt":"2022-09-21T08:39:54","slug":"mdf-seinasildid","status":"publish","type":"product","link":"https:\/\/trendfurniture.ee\/ru\/product\/mdf-seinasildid\/","title":{"rendered":"MDF seinasildid"},"content":{"rendered":"","protected":false},"excerpt":{"rendered":"<div dir=\"auto\">M\u00fc\u00fca UUED MDF seinasildid, m\u00f5\u00f5tudega: 42 x 18<\/div>\n<div dir=\"auto\">Saadaval 10 + tk.<\/div>\n<div dir=\"auto\">Hind: 6.90 tk.<\/div>","protected":false},"featured_media":28989,"template":"","meta":{"_acf_changed":false},"product_brand":[],"product_cat":[113,155],"product_tag":[],"class_list":{"0":"post-28988","1":"product","2":"type-product","3":"status-publish","4":"has-post-thumbnail","6":"product_cat-pudi-padi","7":"product_cat-seinapildid","9":"first","10":"instock","11":"shipping-taxable","12":"purchasable","13":"product-type-simple"},"acf":[],"_links":{"self":[{"href":"https:\/\/trendfurniture.ee\/ru\/wp-json\/wp\/v2\/product\/28988","targetHints":{"allow":["GET"]}}],"collection":[{"href":"https:\/\/trendfurniture.ee\/ru\/wp-json\/wp\/v2\/product"}],"about":[{"href":"https:\/\/trendfurniture.ee\/ru\/wp-json\/wp\/v2\/types\/product"}],"wp:featuredmedia":[{"embeddable":true,"href":"https:\/\/trendfurniture.ee\/ru\/wp-json\/wp\/v2\/media\/28989"}],"wp:attachment":[{"href":"https:\/\/trendfurniture.ee\/ru\/wp-json\/wp\/v2\/media?parent=28988"}],"wp:term":[{"taxonomy":"product_brand","embeddable":true,"href":"https:\/\/trendfurniture.ee\/ru\/wp-json\/wp\/v2\/product_brand?post=28988"},{"taxonomy":"product_cat","embeddable":true,"href":"https:\/\/trendfurniture.ee\/ru\/wp-json\/wp\/v2\/product_cat?post=28988"},{"taxonomy":"product_tag","embeddable":true,"href":"https:\/\/trendfurniture.ee\/ru\/wp-json\/wp\/v2\/product_tag?post=28988"}],"curies":[{"name":"wp","href":"https:\/\/api.w.org\/{rel}","templated":true}]}}