{"id":2183,"date":"2016-02-28T08:28:22","date_gmt":"2016-02-28T08:28:22","guid":{"rendered":"https:\/\/demo2.chethemes.com\/electro\/?page_id=2183"},"modified":"2022-07-20T12:19:29","modified_gmt":"2022-07-20T12:19:29","slug":"tingimused","status":"publish","type":"page","link":"https:\/\/trendfurniture.ee\/ru\/tingimused\/","title":{"rendered":"M\u00fc\u00fcgitingimused"},"content":{"rendered":"<section class=\"section inner-bottom-xs\">\n<h2>Transport<\/h2>\n<p>Pakume transporti meilt ostetud kaubale.<\/p>\n<ul>\n<li>Transport Tartu linna piires on 10,-<\/li>\n<li>Kaugus Tartust kuni 100 km 30.-<\/li>\n<li>Kaugus Tartust kuni 200 km 45.-<\/li>\n<li>Kaugus Tartust \u00fcle 200 km 60.-<\/li>\n<li>Saared kokkuleppel.<\/li>\n<li>Saadame kaupa ka Smartposti ja kulleriga.<\/li>\n<\/ul>\n<\/section>\n<section class=\"section inner-bottom-xs\">\n<h2>J\u00e4relmaks<\/h2>\n<p><b>ESTO j\u00e4relmaks \u2013 ei soovi maksta kogu summat korraga? Maksa osamaksete kaupa!<\/b><a name=\"_GoBack\"><\/a>Kasuta kauba eest tasumisel just\u00a0<b>ESTO j\u00e4relmaksu<\/b>\u00a0\u2013 k\u00f5ige soodsam, mugavam ja kiirem j\u00e4relmaksulink Eestis!<\/p>\n<p>J\u00e4relmaksuga tasumisel palume v\u00f5tta \u00fchendust ESTO v\u00f5i trendfurniture.ee klienditeenindusega ning teile edastatakse j\u00e4relmaksulink. Maksmisel valige endale sobiv periood, igakuise osamakse suurus ning digiallkirjastage mugavalt\u00a0<b>ID-kaardi, Smart-ID v\u00f5i Mobiili-ID abil.<\/b><\/p>\n<p>ESTO j\u00e4relmaksu puhul on tegemist \u00fclimalt kiire ning mugava makselahendusega, mis aitab koostada sulle sinu poolt valitud perioodi alusel maksegraafiku. Antud makselahendus teeb otsuse reaalajas ning aitab ostu sooritada v\u00e4hem kui 60 sekundiga.<\/p>\n<p><b>T\u00c4HELEPANU!<\/b>\u00a0Iga j\u00e4relmaks on finantskohustus. Enne j\u00e4relmaksulepingu s\u00f5lmimist tutvuge vastava teenuse tingimustega ning vajadusel konsulteerige asjatundjaga.<\/p>\n<p>ESTO j\u00e4relmaksu pakkujaks on\u00a0<b>ESTO AS<\/b>\u00a0(reg. kood 14180709).<\/p>\n<p>ESTO j\u00e4relmaksu tavatingimused on j\u00e4rgmised:<\/p>\n<ul>\n<li>Aastane intress alates 0<\/li>\n<li>Lepingutasu alates 0 eurot<\/li>\n<li>Periood kuni 4 aastat<\/li>\n<\/ul>\n<p>ESTO j\u00e4relmaksu saavad taotleda k\u00f5ik 18-70-aastased Eesti Vabariigi kodanikud<b>.<\/b><b>\u00a0<\/b><b>ESTO j\u00e4relmaksu on v\u00f5imalik vormistada kiirelt ja mugavalt ka juriidilisele isikule.<\/b><\/p>\n<p>Iga finantsotsusega kaasnevad riskid ja kohustused, mist\u00f5ttu palume laenutoodete tarbimise vajadus hoolikalt l\u00e4bi m\u00f5elda. N\u00e4iteks 1059-eurose laenusumma puhul 24 kuuks fikseeritud intressiga 13.90% aastas ja lepingutasuga 13.90 eurot on krediidi kulukuse m\u00e4\u00e4r 38.14%, kuumakse suurus 60.72 eurot ning tarbija poolt tagasimakstav kogusumma 1457.28 eurot.<\/p>\n<\/section>\n<section class=\"section intellectual-property\">\n<\/section>","protected":false},"excerpt":{"rendered":"<p>Transport Pakume transporti meilt ostetud kaubale. Transport Tartu linna piires on 10,- Kaugus Tartust kuni 100 km 30.- Kaugus Tartust kuni 200 km 45.- Kaugus Tartust \u00fcle 200 km 60.-<\/p>","protected":false},"author":1,"featured_media":0,"parent":0,"menu_order":0,"comment_status":"closed","ping_status":"closed","template":"","meta":{"_acf_changed":false,"footnotes":""},"class_list":["post-2183","page","type-page","status-publish","hentry"],"acf":[],"_links":{"self":[{"href":"https:\/\/trendfurniture.ee\/ru\/wp-json\/wp\/v2\/pages\/2183","targetHints":{"allow":["GET"]}}],"collection":[{"href":"https:\/\/trendfurniture.ee\/ru\/wp-json\/wp\/v2\/pages"}],"about":[{"href":"https:\/\/trendfurniture.ee\/ru\/wp-json\/wp\/v2\/types\/page"}],"author":[{"embeddable":true,"href":"https:\/\/trendfurniture.ee\/ru\/wp-json\/wp\/v2\/users\/1"}],"replies":[{"embeddable":true,"href":"https:\/\/trendfurniture.ee\/ru\/wp-json\/wp\/v2\/comments?post=2183"}],"version-history":[{"count":2,"href":"https:\/\/trendfurniture.ee\/ru\/wp-json\/wp\/v2\/pages\/2183\/revisions"}],"predecessor-version":[{"id":5469,"href":"https:\/\/trendfurniture.ee\/ru\/wp-json\/wp\/v2\/pages\/2183\/revisions\/5469"}],"wp:attachment":[{"href":"https:\/\/trendfurniture.ee\/ru\/wp-json\/wp\/v2\/media?parent=2183"}],"curies":[{"name":"wp","href":"https:\/\/api.w.org\/{rel}","templated":true}]}}