{"id":5480,"date":"2022-07-20T12:30:16","date_gmt":"2022-07-20T12:30:16","guid":{"rendered":"https:\/\/trendfurniture.ee\/?post_type=product&#038;p=5480"},"modified":"2026-02-04T10:01:59","modified_gmt":"2026-02-04T10:01:59","slug":"kumblustunn-delux-200-integreeritud-ahjuga","status":"publish","type":"product","link":"https:\/\/trendfurniture.ee\/en\/product\/kumblustunn-delux-200-integreeritud-ahjuga\/","title":{"rendered":"K\u00fcmblust\u00fcnn Delux 200 integreeritud ahjuga"},"content":{"rendered":"","protected":false},"excerpt":{"rendered":"<p>Inimeste arv: 4-6<\/p>\n<p>K\u00fctteaeg 5-38C: 1,5-2h<\/p>\n<p>Kaal: 200kg<\/p>\n<p>Maht: 1150L<\/p>\n<p>V\u00f5imsus: 30kw<\/p>\n<p>V\u00e4line l\u00e4bim\u00f5\u00f5t: 2000mm<\/p>\n<p>Sisemine l\u00e4bim\u00f5\u00f5t: 1850mm<\/p>\n<p>K\u00f5rgus: 1000mm<\/p>\n<p>Roostevabast terasest ahi<\/p>\n<p>Plastiksisu<\/p>\n<p>Delux 200 on detailideni viimistletud, kvaliteetne ja rikkaliku lisavarustusega spaa, mida on lihtne aastaringselt kasutada ning mille hooldus on lihtne ja iga\u00fchele j\u00f5ukohane. Ergonoomilise istmega plastikust sisu, termopuidust \u00fcmbris ja kvaliteetsest ning vastupidavast roostevaba terasest integreeritud ahi on sinu pere ps\u00fchholoog, f\u00fcsioterapeut ja soojamaareis j\u00e4rgmised 25 aastat.<\/p>\n<p>K\u00fcmblust\u00fcnnidele on v\u00f5imalik juurde tellida rikkalikult lisavarustust \u2013 LED-valgustus, mullis\u00fcsteem, filtris\u00fcsteem, termokate, topsihoidja ja v\u00e4lisviimistlust:<\/p>\n<p>*Soojustatud termokate k\u00fcmblust\u00fcnnile 200cm. Keskelt klapitav. Kergesti eemaldatav. Hoiab vett soojana. 356,00\u20ac<\/p>\n<p>*Topsihoidja 5-kohaline sepis. Sobib kuni viiele topsile. Paiguta just sinna servale, kuhu soovid. K\u00e4sit\u00f6\u00f6, sepis 69,00\u20ac<\/p>\n<p>*LED-valgustus (kahe lambiga)\u00a0 234,00\u20ac,<\/p>\n<p>*Filtris\u00fcsteem 186,00\u20ac<\/p>\n<p>*Mullis\u00fcsteem Sisaldab 5 d\u00fc\u00fcsi. T\u00f6\u00f6tab \u00f5huga. Saab paigaldada plastiksisuga t\u00fcnnidele. 434,00\u20ac,<\/p>\n<p>J\u00c4RELMAKSU V\u00d5IMALUS!<\/p>","protected":false},"featured_media":5481,"template":"","meta":{"_acf_changed":false},"product_brand":[],"product_cat":[71],"product_tag":[],"class_list":{"0":"post-5480","1":"product","2":"type-product","3":"status-publish","4":"has-post-thumbnail","6":"product_cat-kumblustunnid","8":"first","9":"instock","10":"featured","11":"shipping-taxable","12":"purchasable","13":"product-type-simple"},"acf":[],"_links":{"self":[{"href":"https:\/\/trendfurniture.ee\/en\/wp-json\/wp\/v2\/product\/5480","targetHints":{"allow":["GET"]}}],"collection":[{"href":"https:\/\/trendfurniture.ee\/en\/wp-json\/wp\/v2\/product"}],"about":[{"href":"https:\/\/trendfurniture.ee\/en\/wp-json\/wp\/v2\/types\/product"}],"wp:featuredmedia":[{"embeddable":true,"href":"https:\/\/trendfurniture.ee\/en\/wp-json\/wp\/v2\/media\/5481"}],"wp:attachment":[{"href":"https:\/\/trendfurniture.ee\/en\/wp-json\/wp\/v2\/media?parent=5480"}],"wp:term":[{"taxonomy":"product_brand","embeddable":true,"href":"https:\/\/trendfurniture.ee\/en\/wp-json\/wp\/v2\/product_brand?post=5480"},{"taxonomy":"product_cat","embeddable":true,"href":"https:\/\/trendfurniture.ee\/en\/wp-json\/wp\/v2\/product_cat?post=5480"},{"taxonomy":"product_tag","embeddable":true,"href":"https:\/\/trendfurniture.ee\/en\/wp-json\/wp\/v2\/product_tag?post=5480"}],"curies":[{"name":"wp","href":"https:\/\/api.w.org\/{rel}","templated":true}]}}