{"id":39135,"date":"2026-04-16T08:46:00","date_gmt":"2026-04-16T08:46:00","guid":{"rendered":"https:\/\/trendfurniture.ee\/?post_type=product&#038;p=39135"},"modified":"2026-04-16T08:46:00","modified_gmt":"2026-04-16T08:46:00","slug":"tugitool","status":"publish","type":"product","link":"https:\/\/trendfurniture.ee\/en\/product\/tugitool\/","title":{"rendered":"Tugitool"},"content":{"rendered":"","protected":false},"excerpt":{"rendered":"<p>Kasutatud, heas korras, mugav tugitool, m\u00f5\u00f5tudega: 75 x 90, k\u00f5rgus 110<\/p>\n<p>Tugitoolil olemas elektriline mehhanism, mis kahjuks ei t\u00f6\u00f6ta.<\/p>\n<p>Hind: 99.-<\/p>","protected":false},"featured_media":39136,"template":"","meta":{"_acf_changed":false},"product_brand":[],"product_cat":[94],"product_tag":[],"class_list":{"0":"post-39135","1":"product","2":"type-product","3":"status-publish","4":"has-post-thumbnail","6":"product_cat-tugitoolid","8":"first","9":"instock","10":"shipping-taxable","11":"purchasable","12":"product-type-simple"},"acf":[],"_links":{"self":[{"href":"https:\/\/trendfurniture.ee\/en\/wp-json\/wp\/v2\/product\/39135","targetHints":{"allow":["GET"]}}],"collection":[{"href":"https:\/\/trendfurniture.ee\/en\/wp-json\/wp\/v2\/product"}],"about":[{"href":"https:\/\/trendfurniture.ee\/en\/wp-json\/wp\/v2\/types\/product"}],"wp:featuredmedia":[{"embeddable":true,"href":"https:\/\/trendfurniture.ee\/en\/wp-json\/wp\/v2\/media\/39136"}],"wp:attachment":[{"href":"https:\/\/trendfurniture.ee\/en\/wp-json\/wp\/v2\/media?parent=39135"}],"wp:term":[{"taxonomy":"product_brand","embeddable":true,"href":"https:\/\/trendfurniture.ee\/en\/wp-json\/wp\/v2\/product_brand?post=39135"},{"taxonomy":"product_cat","embeddable":true,"href":"https:\/\/trendfurniture.ee\/en\/wp-json\/wp\/v2\/product_cat?post=39135"},{"taxonomy":"product_tag","embeddable":true,"href":"https:\/\/trendfurniture.ee\/en\/wp-json\/wp\/v2\/product_tag?post=39135"}],"curies":[{"name":"wp","href":"https:\/\/api.w.org\/{rel}","templated":true}]}}