{"id":39109,"date":"2026-04-07T10:56:07","date_gmt":"2026-04-07T10:56:07","guid":{"rendered":"https:\/\/trendfurniture.ee\/?post_type=product&#038;p=39109"},"modified":"2026-04-07T10:56:07","modified_gmt":"2026-04-07T10:56:07","slug":"tv-alus-2","status":"publish","type":"product","link":"https:\/\/trendfurniture.ee\/en\/product\/tv-alus-2\/","title":{"rendered":"Tv-alus"},"content":{"rendered":"","protected":false},"excerpt":{"rendered":"<p>Kasutatud, heas korras tv-alus, m\u00f5\u00f5tudega: 90 x 44, k\u00f5rgus 78<\/p>\n<p>Esineb v\u00e4iksemaid kasutusj\u00e4lgi.<\/p>\n<p>Hind: 79.-<\/p>","protected":false},"featured_media":39110,"template":"","meta":{"_acf_changed":false},"product_brand":[],"product_cat":[59,126,179],"product_tag":[],"class_list":{"0":"post-39109","1":"product","2":"type-product","3":"status-publish","4":"has-post-thumbnail","6":"product_cat-antiik-kapid-kummutid","7":"product_cat-kummutid-kapid","8":"product_cat-tv-alused","10":"first","11":"instock","12":"shipping-taxable","13":"purchasable","14":"product-type-simple"},"acf":[],"_links":{"self":[{"href":"https:\/\/trendfurniture.ee\/en\/wp-json\/wp\/v2\/product\/39109","targetHints":{"allow":["GET"]}}],"collection":[{"href":"https:\/\/trendfurniture.ee\/en\/wp-json\/wp\/v2\/product"}],"about":[{"href":"https:\/\/trendfurniture.ee\/en\/wp-json\/wp\/v2\/types\/product"}],"wp:featuredmedia":[{"embeddable":true,"href":"https:\/\/trendfurniture.ee\/en\/wp-json\/wp\/v2\/media\/39110"}],"wp:attachment":[{"href":"https:\/\/trendfurniture.ee\/en\/wp-json\/wp\/v2\/media?parent=39109"}],"wp:term":[{"taxonomy":"product_brand","embeddable":true,"href":"https:\/\/trendfurniture.ee\/en\/wp-json\/wp\/v2\/product_brand?post=39109"},{"taxonomy":"product_cat","embeddable":true,"href":"https:\/\/trendfurniture.ee\/en\/wp-json\/wp\/v2\/product_cat?post=39109"},{"taxonomy":"product_tag","embeddable":true,"href":"https:\/\/trendfurniture.ee\/en\/wp-json\/wp\/v2\/product_tag?post=39109"}],"curies":[{"name":"wp","href":"https:\/\/api.w.org\/{rel}","templated":true}]}}