{"id":38939,"date":"2026-03-17T10:08:05","date_gmt":"2026-03-17T10:08:05","guid":{"rendered":"https:\/\/trendfurniture.ee\/?post_type=product&#038;p=38939"},"modified":"2026-03-17T10:08:05","modified_gmt":"2026-03-17T10:08:05","slug":"tv-alus","status":"publish","type":"product","link":"https:\/\/trendfurniture.ee\/en\/product\/tv-alus\/","title":{"rendered":"Tv-alus"},"content":{"rendered":"","protected":false},"excerpt":{"rendered":"<p>UUS, t\u00e4ispuidust tv-alus, m\u00f5\u00f5tudega: 153 x 45, k\u00f5rgus 65<\/p>\n<p>Sahtel ja uksed vaikselt sulguvad.<\/p>\n<p>Hind: 429.-<\/p>","protected":false},"featured_media":38940,"template":"","meta":{"_acf_changed":false},"product_brand":[],"product_cat":[126,179],"product_tag":[],"class_list":{"0":"post-38939","1":"product","2":"type-product","3":"status-publish","4":"has-post-thumbnail","6":"product_cat-kummutid-kapid","7":"product_cat-tv-alused","9":"first","10":"instock","11":"shipping-taxable","12":"purchasable","13":"product-type-simple"},"acf":[],"_links":{"self":[{"href":"https:\/\/trendfurniture.ee\/en\/wp-json\/wp\/v2\/product\/38939","targetHints":{"allow":["GET"]}}],"collection":[{"href":"https:\/\/trendfurniture.ee\/en\/wp-json\/wp\/v2\/product"}],"about":[{"href":"https:\/\/trendfurniture.ee\/en\/wp-json\/wp\/v2\/types\/product"}],"wp:featuredmedia":[{"embeddable":true,"href":"https:\/\/trendfurniture.ee\/en\/wp-json\/wp\/v2\/media\/38940"}],"wp:attachment":[{"href":"https:\/\/trendfurniture.ee\/en\/wp-json\/wp\/v2\/media?parent=38939"}],"wp:term":[{"taxonomy":"product_brand","embeddable":true,"href":"https:\/\/trendfurniture.ee\/en\/wp-json\/wp\/v2\/product_brand?post=38939"},{"taxonomy":"product_cat","embeddable":true,"href":"https:\/\/trendfurniture.ee\/en\/wp-json\/wp\/v2\/product_cat?post=38939"},{"taxonomy":"product_tag","embeddable":true,"href":"https:\/\/trendfurniture.ee\/en\/wp-json\/wp\/v2\/product_tag?post=38939"}],"curies":[{"name":"wp","href":"https:\/\/api.w.org\/{rel}","templated":true}]}}