{"id":38855,"date":"2026-02-25T12:12:40","date_gmt":"2026-02-25T12:12:40","guid":{"rendered":"https:\/\/trendfurniture.ee\/?post_type=product&#038;p=38855"},"modified":"2026-02-25T12:12:41","modified_gmt":"2026-02-25T12:12:41","slug":"juuksekummid-48-tk","status":"publish","type":"product","link":"https:\/\/trendfurniture.ee\/en\/product\/juuksekummid-48-tk\/","title":{"rendered":"Juuksekummid 48 tk."},"content":{"rendered":"","protected":false},"excerpt":{"rendered":"<p>UUED juuksekummid.<br \/>\nKarbis 48 tk. \u00fchel lehel 8 tk.<br \/>\nJuuksekummi l\u00e4bim\u00f5\u00f5t 30 mm.<br \/>\nSaadaval 50 + karpi.<br \/>\nSaatmis v\u00f5imalus.<br \/>\nKarbi hind 6.- ( 48 tk.)<\/p>","protected":false},"featured_media":38856,"template":"","meta":{"_acf_changed":false},"product_brand":[],"product_cat":[113,151],"product_tag":[],"class_list":{"0":"post-38855","1":"product","2":"type-product","3":"status-publish","4":"has-post-thumbnail","6":"product_cat-pudi-padi","7":"product_cat-varia","9":"first","10":"instock","11":"shipping-taxable","12":"purchasable","13":"product-type-simple"},"acf":[],"_links":{"self":[{"href":"https:\/\/trendfurniture.ee\/en\/wp-json\/wp\/v2\/product\/38855","targetHints":{"allow":["GET"]}}],"collection":[{"href":"https:\/\/trendfurniture.ee\/en\/wp-json\/wp\/v2\/product"}],"about":[{"href":"https:\/\/trendfurniture.ee\/en\/wp-json\/wp\/v2\/types\/product"}],"wp:featuredmedia":[{"embeddable":true,"href":"https:\/\/trendfurniture.ee\/en\/wp-json\/wp\/v2\/media\/38856"}],"wp:attachment":[{"href":"https:\/\/trendfurniture.ee\/en\/wp-json\/wp\/v2\/media?parent=38855"}],"wp:term":[{"taxonomy":"product_brand","embeddable":true,"href":"https:\/\/trendfurniture.ee\/en\/wp-json\/wp\/v2\/product_brand?post=38855"},{"taxonomy":"product_cat","embeddable":true,"href":"https:\/\/trendfurniture.ee\/en\/wp-json\/wp\/v2\/product_cat?post=38855"},{"taxonomy":"product_tag","embeddable":true,"href":"https:\/\/trendfurniture.ee\/en\/wp-json\/wp\/v2\/product_tag?post=38855"}],"curies":[{"name":"wp","href":"https:\/\/api.w.org\/{rel}","templated":true}]}}