{"id":38674,"date":"2026-01-21T11:41:52","date_gmt":"2026-01-21T11:41:52","guid":{"rendered":"https:\/\/trendfurniture.ee\/?post_type=product&#038;p=38674"},"modified":"2026-01-21T11:41:52","modified_gmt":"2026-01-21T11:41:52","slug":"veiniriiul-2","status":"publish","type":"product","link":"https:\/\/trendfurniture.ee\/en\/product\/veiniriiul-2\/","title":{"rendered":"Veiniriiul"},"content":{"rendered":"","protected":false},"excerpt":{"rendered":"<p>Kasutatud, v\u00e4ga heas korras veiniriiul koos pokaalihoidjatega.<\/p>\n<p>M\u00f5\u00f5dud: 50 x 30, k\u00f5rgus 75<\/p>\n<p>Hind: 55.-<\/p>","protected":false},"featured_media":38675,"template":"","meta":{"_acf_changed":false},"product_brand":[],"product_cat":[241,151],"product_tag":[],"class_list":{"0":"post-38674","1":"product","2":"type-product","3":"status-publish","4":"has-post-thumbnail","6":"product_cat-riiulid","7":"product_cat-varia","9":"first","10":"instock","11":"shipping-taxable","12":"purchasable","13":"product-type-simple"},"acf":[],"_links":{"self":[{"href":"https:\/\/trendfurniture.ee\/en\/wp-json\/wp\/v2\/product\/38674","targetHints":{"allow":["GET"]}}],"collection":[{"href":"https:\/\/trendfurniture.ee\/en\/wp-json\/wp\/v2\/product"}],"about":[{"href":"https:\/\/trendfurniture.ee\/en\/wp-json\/wp\/v2\/types\/product"}],"wp:featuredmedia":[{"embeddable":true,"href":"https:\/\/trendfurniture.ee\/en\/wp-json\/wp\/v2\/media\/38675"}],"wp:attachment":[{"href":"https:\/\/trendfurniture.ee\/en\/wp-json\/wp\/v2\/media?parent=38674"}],"wp:term":[{"taxonomy":"product_brand","embeddable":true,"href":"https:\/\/trendfurniture.ee\/en\/wp-json\/wp\/v2\/product_brand?post=38674"},{"taxonomy":"product_cat","embeddable":true,"href":"https:\/\/trendfurniture.ee\/en\/wp-json\/wp\/v2\/product_cat?post=38674"},{"taxonomy":"product_tag","embeddable":true,"href":"https:\/\/trendfurniture.ee\/en\/wp-json\/wp\/v2\/product_tag?post=38674"}],"curies":[{"name":"wp","href":"https:\/\/api.w.org\/{rel}","templated":true}]}}