{"id":38667,"date":"2026-01-21T10:01:27","date_gmt":"2026-01-21T10:01:27","guid":{"rendered":"https:\/\/trendfurniture.ee\/?post_type=product&#038;p=38667"},"modified":"2026-01-21T10:01:27","modified_gmt":"2026-01-21T10:01:27","slug":"diivan-boconcept","status":"publish","type":"product","link":"https:\/\/trendfurniture.ee\/en\/product\/diivan-boconcept\/","title":{"rendered":"Diivan &#8220;BoConcept&#8221;"},"content":{"rendered":"","protected":false},"excerpt":{"rendered":"<p>Kasutatud, heas korras &#8220;BoConcept&#8221; diivan, m\u00f5\u00f5tudega: 235 x 88, k\u00f5rgus 70<\/p>\n<p>Hind: 249.-<\/p>","protected":false},"featured_media":38668,"template":"","meta":{"_acf_changed":false},"product_brand":[],"product_cat":[164],"product_tag":[],"class_list":{"0":"post-38667","1":"product","2":"type-product","3":"status-publish","4":"has-post-thumbnail","6":"product_cat-diivanid","8":"first","9":"instock","10":"shipping-taxable","11":"purchasable","12":"product-type-simple"},"acf":[],"_links":{"self":[{"href":"https:\/\/trendfurniture.ee\/en\/wp-json\/wp\/v2\/product\/38667","targetHints":{"allow":["GET"]}}],"collection":[{"href":"https:\/\/trendfurniture.ee\/en\/wp-json\/wp\/v2\/product"}],"about":[{"href":"https:\/\/trendfurniture.ee\/en\/wp-json\/wp\/v2\/types\/product"}],"wp:featuredmedia":[{"embeddable":true,"href":"https:\/\/trendfurniture.ee\/en\/wp-json\/wp\/v2\/media\/38668"}],"wp:attachment":[{"href":"https:\/\/trendfurniture.ee\/en\/wp-json\/wp\/v2\/media?parent=38667"}],"wp:term":[{"taxonomy":"product_brand","embeddable":true,"href":"https:\/\/trendfurniture.ee\/en\/wp-json\/wp\/v2\/product_brand?post=38667"},{"taxonomy":"product_cat","embeddable":true,"href":"https:\/\/trendfurniture.ee\/en\/wp-json\/wp\/v2\/product_cat?post=38667"},{"taxonomy":"product_tag","embeddable":true,"href":"https:\/\/trendfurniture.ee\/en\/wp-json\/wp\/v2\/product_tag?post=38667"}],"curies":[{"name":"wp","href":"https:\/\/api.w.org\/{rel}","templated":true}]}}