{"id":38601,"date":"2026-01-09T13:06:15","date_gmt":"2026-01-09T13:06:15","guid":{"rendered":"https:\/\/trendfurniture.ee\/?post_type=product&#038;p=38601"},"modified":"2026-01-09T13:06:15","modified_gmt":"2026-01-09T13:06:15","slug":"mooblijalad-2","status":"publish","type":"product","link":"https:\/\/trendfurniture.ee\/en\/product\/mooblijalad-2\/","title":{"rendered":"M\u00f6\u00f6blijalad"},"content":{"rendered":"","protected":false},"excerpt":{"rendered":"<p><!-- x-hugerte\/html --><\/p>\n<div dir=\"auto\">UUED m\u00f6\u00f6blijalad.<\/div>\n<div dir=\"auto\">M\u00f5\u00f5dud: l\u00e4bim\u00f5\u00f5t 85 mm, k\u00f5rgus 100 mm + keere 40 mm.<\/div>\n<div dir=\"auto\">Maretjal metall ja alumine taldmik kummist.<\/div>\n<div dir=\"auto\">Saadaval 20 + tk.<\/div>\n<div dir=\"auto\">Saatmis v\u00f5imalus.<\/div>\n<div dir=\"auto\">Hind: 2.50 tk.<\/div>","protected":false},"featured_media":38602,"template":"","meta":{"_acf_changed":false},"product_brand":[],"product_cat":[245],"product_tag":[],"class_list":{"0":"post-38601","1":"product","2":"type-product","3":"status-publish","4":"has-post-thumbnail","6":"product_cat-moblifurnituur","8":"first","9":"instock","10":"shipping-taxable","11":"purchasable","12":"product-type-simple"},"acf":[],"_links":{"self":[{"href":"https:\/\/trendfurniture.ee\/en\/wp-json\/wp\/v2\/product\/38601","targetHints":{"allow":["GET"]}}],"collection":[{"href":"https:\/\/trendfurniture.ee\/en\/wp-json\/wp\/v2\/product"}],"about":[{"href":"https:\/\/trendfurniture.ee\/en\/wp-json\/wp\/v2\/types\/product"}],"wp:featuredmedia":[{"embeddable":true,"href":"https:\/\/trendfurniture.ee\/en\/wp-json\/wp\/v2\/media\/38602"}],"wp:attachment":[{"href":"https:\/\/trendfurniture.ee\/en\/wp-json\/wp\/v2\/media?parent=38601"}],"wp:term":[{"taxonomy":"product_brand","embeddable":true,"href":"https:\/\/trendfurniture.ee\/en\/wp-json\/wp\/v2\/product_brand?post=38601"},{"taxonomy":"product_cat","embeddable":true,"href":"https:\/\/trendfurniture.ee\/en\/wp-json\/wp\/v2\/product_cat?post=38601"},{"taxonomy":"product_tag","embeddable":true,"href":"https:\/\/trendfurniture.ee\/en\/wp-json\/wp\/v2\/product_tag?post=38601"}],"curies":[{"name":"wp","href":"https:\/\/api.w.org\/{rel}","templated":true}]}}