{"id":38510,"date":"2025-12-08T13:38:13","date_gmt":"2025-12-08T13:38:13","guid":{"rendered":"https:\/\/trendfurniture.ee\/?post_type=product&#038;p=38510"},"modified":"2025-12-08T13:38:13","modified_gmt":"2025-12-08T13:38:13","slug":"diivan-7","status":"publish","type":"product","link":"https:\/\/trendfurniture.ee\/en\/product\/diivan-7\/","title":{"rendered":"Diivan"},"content":{"rendered":"","protected":false},"excerpt":{"rendered":"<p>Kasutatud, heas korras, t\u00e4isnahast diivan, m\u00f5\u00f5tudega: 220 x 75, k\u00f5rgus 88, istumisk\u00f5rgus 44<\/p>\n<p>Hind: 290.-<\/p>","protected":false},"featured_media":38511,"template":"","meta":{"_acf_changed":false},"product_brand":[],"product_cat":[164],"product_tag":[],"class_list":{"0":"post-38510","1":"product","2":"type-product","3":"status-publish","4":"has-post-thumbnail","6":"product_cat-diivanid","8":"first","9":"instock","10":"shipping-taxable","11":"purchasable","12":"product-type-simple"},"acf":[],"_links":{"self":[{"href":"https:\/\/trendfurniture.ee\/en\/wp-json\/wp\/v2\/product\/38510","targetHints":{"allow":["GET"]}}],"collection":[{"href":"https:\/\/trendfurniture.ee\/en\/wp-json\/wp\/v2\/product"}],"about":[{"href":"https:\/\/trendfurniture.ee\/en\/wp-json\/wp\/v2\/types\/product"}],"wp:featuredmedia":[{"embeddable":true,"href":"https:\/\/trendfurniture.ee\/en\/wp-json\/wp\/v2\/media\/38511"}],"wp:attachment":[{"href":"https:\/\/trendfurniture.ee\/en\/wp-json\/wp\/v2\/media?parent=38510"}],"wp:term":[{"taxonomy":"product_brand","embeddable":true,"href":"https:\/\/trendfurniture.ee\/en\/wp-json\/wp\/v2\/product_brand?post=38510"},{"taxonomy":"product_cat","embeddable":true,"href":"https:\/\/trendfurniture.ee\/en\/wp-json\/wp\/v2\/product_cat?post=38510"},{"taxonomy":"product_tag","embeddable":true,"href":"https:\/\/trendfurniture.ee\/en\/wp-json\/wp\/v2\/product_tag?post=38510"}],"curies":[{"name":"wp","href":"https:\/\/api.w.org\/{rel}","templated":true}]}}