{"id":38487,"date":"2025-12-05T13:18:05","date_gmt":"2025-12-05T13:18:05","guid":{"rendered":"https:\/\/trendfurniture.ee\/?post_type=product&#038;p=38487"},"modified":"2025-12-05T13:18:05","modified_gmt":"2025-12-05T13:18:05","slug":"saunapingid","status":"publish","type":"product","link":"https:\/\/trendfurniture.ee\/en\/product\/saunapingid\/","title":{"rendered":"Saunapingid"},"content":{"rendered":"","protected":false},"excerpt":{"rendered":"<p>UUED viimistlematta saunapingid, m\u00f5\u00f5tudega: 32 x 30, k\u00f5rgusega 40<\/p>\n<p>Materjal: must lepp<\/p>\n<p>Saadaval pakendis, saatmis v\u00f5imalus olemas.<\/p>\n<p>Hind: 19.90 tk.<\/p>","protected":false},"featured_media":38488,"template":"","meta":{"_acf_changed":false},"product_brand":[],"product_cat":[102],"product_tag":[],"class_list":{"0":"post-38487","1":"product","2":"type-product","3":"status-publish","4":"has-post-thumbnail","6":"product_cat-toolid","8":"first","9":"instock","10":"shipping-taxable","11":"purchasable","12":"product-type-simple"},"acf":[],"_links":{"self":[{"href":"https:\/\/trendfurniture.ee\/en\/wp-json\/wp\/v2\/product\/38487","targetHints":{"allow":["GET"]}}],"collection":[{"href":"https:\/\/trendfurniture.ee\/en\/wp-json\/wp\/v2\/product"}],"about":[{"href":"https:\/\/trendfurniture.ee\/en\/wp-json\/wp\/v2\/types\/product"}],"wp:featuredmedia":[{"embeddable":true,"href":"https:\/\/trendfurniture.ee\/en\/wp-json\/wp\/v2\/media\/38488"}],"wp:attachment":[{"href":"https:\/\/trendfurniture.ee\/en\/wp-json\/wp\/v2\/media?parent=38487"}],"wp:term":[{"taxonomy":"product_brand","embeddable":true,"href":"https:\/\/trendfurniture.ee\/en\/wp-json\/wp\/v2\/product_brand?post=38487"},{"taxonomy":"product_cat","embeddable":true,"href":"https:\/\/trendfurniture.ee\/en\/wp-json\/wp\/v2\/product_cat?post=38487"},{"taxonomy":"product_tag","embeddable":true,"href":"https:\/\/trendfurniture.ee\/en\/wp-json\/wp\/v2\/product_tag?post=38487"}],"curies":[{"name":"wp","href":"https:\/\/api.w.org\/{rel}","templated":true}]}}