{"id":38412,"date":"2025-12-01T08:19:04","date_gmt":"2025-12-01T08:19:04","guid":{"rendered":"https:\/\/trendfurniture.ee\/?post_type=product&#038;p=38412"},"modified":"2025-12-01T08:19:04","modified_gmt":"2025-12-01T08:19:04","slug":"puhvetkapp-2","status":"publish","type":"product","link":"https:\/\/trendfurniture.ee\/en\/product\/puhvetkapp-2\/","title":{"rendered":"Puhvetkapp"},"content":{"rendered":"","protected":false},"excerpt":{"rendered":"<p>Kasutatud, v\u00e4ga heas korras, kasepuidust puhvetkapp, m\u00f5\u00f5tudega: 118 x 40, k\u00f5rgus 193<\/p>\n<p>Hind: 289.-<\/p>","protected":false},"featured_media":38413,"template":"","meta":{"_acf_changed":false},"product_brand":[],"product_cat":[126,107,108],"product_tag":[],"class_list":{"0":"post-38412","1":"product","2":"type-product","3":"status-publish","4":"has-post-thumbnail","6":"product_cat-kummutid-kapid","7":"product_cat-sooginoud-serviisid","8":"product_cat-vitriinkapid","10":"first","11":"instock","12":"shipping-taxable","13":"purchasable","14":"product-type-simple"},"acf":[],"_links":{"self":[{"href":"https:\/\/trendfurniture.ee\/en\/wp-json\/wp\/v2\/product\/38412","targetHints":{"allow":["GET"]}}],"collection":[{"href":"https:\/\/trendfurniture.ee\/en\/wp-json\/wp\/v2\/product"}],"about":[{"href":"https:\/\/trendfurniture.ee\/en\/wp-json\/wp\/v2\/types\/product"}],"wp:featuredmedia":[{"embeddable":true,"href":"https:\/\/trendfurniture.ee\/en\/wp-json\/wp\/v2\/media\/38413"}],"wp:attachment":[{"href":"https:\/\/trendfurniture.ee\/en\/wp-json\/wp\/v2\/media?parent=38412"}],"wp:term":[{"taxonomy":"product_brand","embeddable":true,"href":"https:\/\/trendfurniture.ee\/en\/wp-json\/wp\/v2\/product_brand?post=38412"},{"taxonomy":"product_cat","embeddable":true,"href":"https:\/\/trendfurniture.ee\/en\/wp-json\/wp\/v2\/product_cat?post=38412"},{"taxonomy":"product_tag","embeddable":true,"href":"https:\/\/trendfurniture.ee\/en\/wp-json\/wp\/v2\/product_tag?post=38412"}],"curies":[{"name":"wp","href":"https:\/\/api.w.org\/{rel}","templated":true}]}}