{"id":38362,"date":"2025-11-27T12:16:38","date_gmt":"2025-11-27T12:16:38","guid":{"rendered":"https:\/\/trendfurniture.ee\/?post_type=product&#038;p=38362"},"modified":"2025-11-27T12:18:31","modified_gmt":"2025-11-27T12:18:31","slug":"diivan-habitat","status":"publish","type":"product","link":"https:\/\/trendfurniture.ee\/en\/product\/diivan-habitat\/","title":{"rendered":"Diivan &#8220;HABITAT&#8221;"},"content":{"rendered":"","protected":false},"excerpt":{"rendered":"<p>UUS &#8220;HABITAT&#8221; diivan, m\u00f5\u00f5tudega: 117 x 92, k\u00f5rgus 68<\/p>\n<p>Hind; 189.-<\/p>","protected":false},"featured_media":38363,"template":"","meta":{"_acf_changed":false},"product_brand":[],"product_cat":[164],"product_tag":[],"class_list":{"0":"post-38362","1":"product","2":"type-product","3":"status-publish","4":"has-post-thumbnail","6":"product_cat-diivanid","8":"first","9":"instock","10":"shipping-taxable","11":"purchasable","12":"product-type-simple"},"acf":[],"_links":{"self":[{"href":"https:\/\/trendfurniture.ee\/en\/wp-json\/wp\/v2\/product\/38362","targetHints":{"allow":["GET"]}}],"collection":[{"href":"https:\/\/trendfurniture.ee\/en\/wp-json\/wp\/v2\/product"}],"about":[{"href":"https:\/\/trendfurniture.ee\/en\/wp-json\/wp\/v2\/types\/product"}],"wp:featuredmedia":[{"embeddable":true,"href":"https:\/\/trendfurniture.ee\/en\/wp-json\/wp\/v2\/media\/38363"}],"wp:attachment":[{"href":"https:\/\/trendfurniture.ee\/en\/wp-json\/wp\/v2\/media?parent=38362"}],"wp:term":[{"taxonomy":"product_brand","embeddable":true,"href":"https:\/\/trendfurniture.ee\/en\/wp-json\/wp\/v2\/product_brand?post=38362"},{"taxonomy":"product_cat","embeddable":true,"href":"https:\/\/trendfurniture.ee\/en\/wp-json\/wp\/v2\/product_cat?post=38362"},{"taxonomy":"product_tag","embeddable":true,"href":"https:\/\/trendfurniture.ee\/en\/wp-json\/wp\/v2\/product_tag?post=38362"}],"curies":[{"name":"wp","href":"https:\/\/api.w.org\/{rel}","templated":true}]}}