{"id":38320,"date":"2025-11-25T13:02:57","date_gmt":"2025-11-25T13:02:57","guid":{"rendered":"https:\/\/trendfurniture.ee\/?post_type=product&#038;p=38320"},"modified":"2025-11-25T13:02:57","modified_gmt":"2025-11-25T13:02:57","slug":"mootorvoodid-dux-2-tk","status":"publish","type":"product","link":"https:\/\/trendfurniture.ee\/en\/product\/mootorvoodid-dux-2-tk\/","title":{"rendered":"Mootorvoodid &#8220;DUX&#8221; 2 tk."},"content":{"rendered":"","protected":false},"excerpt":{"rendered":"<p>M\u00fc\u00fca kasutatud &#8220;DUX&#8221; mootorvoodid 90 x 200, istumisk\u00f5rgus 47.<\/p>\n<p>Saadaval 2 tk.<\/p>\n<p>Esineb kasutusj\u00e4lgi.<\/p>\n<p>Hind: 139.- tk.<\/p>","protected":false},"featured_media":38321,"template":"","meta":{"_acf_changed":false},"product_brand":[],"product_cat":[229],"product_tag":[],"class_list":{"0":"post-38320","1":"product","2":"type-product","3":"status-publish","4":"has-post-thumbnail","6":"product_cat-voodid-kusetid","8":"first","9":"instock","10":"shipping-taxable","11":"purchasable","12":"product-type-simple"},"acf":[],"_links":{"self":[{"href":"https:\/\/trendfurniture.ee\/en\/wp-json\/wp\/v2\/product\/38320","targetHints":{"allow":["GET"]}}],"collection":[{"href":"https:\/\/trendfurniture.ee\/en\/wp-json\/wp\/v2\/product"}],"about":[{"href":"https:\/\/trendfurniture.ee\/en\/wp-json\/wp\/v2\/types\/product"}],"wp:featuredmedia":[{"embeddable":true,"href":"https:\/\/trendfurniture.ee\/en\/wp-json\/wp\/v2\/media\/38321"}],"wp:attachment":[{"href":"https:\/\/trendfurniture.ee\/en\/wp-json\/wp\/v2\/media?parent=38320"}],"wp:term":[{"taxonomy":"product_brand","embeddable":true,"href":"https:\/\/trendfurniture.ee\/en\/wp-json\/wp\/v2\/product_brand?post=38320"},{"taxonomy":"product_cat","embeddable":true,"href":"https:\/\/trendfurniture.ee\/en\/wp-json\/wp\/v2\/product_cat?post=38320"},{"taxonomy":"product_tag","embeddable":true,"href":"https:\/\/trendfurniture.ee\/en\/wp-json\/wp\/v2\/product_tag?post=38320"}],"curies":[{"name":"wp","href":"https:\/\/api.w.org\/{rel}","templated":true}]}}