{"id":37937,"date":"2025-08-16T08:16:47","date_gmt":"2025-08-16T08:16:47","guid":{"rendered":"https:\/\/trendfurniture.ee\/?post_type=product&#038;p=37937"},"modified":"2025-08-16T08:16:47","modified_gmt":"2025-08-16T08:16:47","slug":"kusetid-80-x-200-2","status":"publish","type":"product","link":"https:\/\/trendfurniture.ee\/en\/product\/kusetid-80-x-200-2\/","title":{"rendered":"Ku\u0161etid 80 x 200"},"content":{"rendered":"","protected":false},"excerpt":{"rendered":"<p>Kasutatud, korralikud ku\u0161etid 80 x 200, istumisk\u00f5rgus 48<\/p>\n<p>Saadaval 10 + tk.<\/p>\n<p>Hind: 55.- tk.<\/p>","protected":false},"featured_media":37938,"template":"","meta":{"_acf_changed":false},"product_brand":[],"product_cat":[229],"product_tag":[],"class_list":{"0":"post-37937","1":"product","2":"type-product","3":"status-publish","4":"has-post-thumbnail","6":"product_cat-voodid-kusetid","8":"first","9":"instock","10":"shipping-taxable","11":"purchasable","12":"product-type-simple"},"acf":[],"_links":{"self":[{"href":"https:\/\/trendfurniture.ee\/en\/wp-json\/wp\/v2\/product\/37937","targetHints":{"allow":["GET"]}}],"collection":[{"href":"https:\/\/trendfurniture.ee\/en\/wp-json\/wp\/v2\/product"}],"about":[{"href":"https:\/\/trendfurniture.ee\/en\/wp-json\/wp\/v2\/types\/product"}],"wp:featuredmedia":[{"embeddable":true,"href":"https:\/\/trendfurniture.ee\/en\/wp-json\/wp\/v2\/media\/37938"}],"wp:attachment":[{"href":"https:\/\/trendfurniture.ee\/en\/wp-json\/wp\/v2\/media?parent=37937"}],"wp:term":[{"taxonomy":"product_brand","embeddable":true,"href":"https:\/\/trendfurniture.ee\/en\/wp-json\/wp\/v2\/product_brand?post=37937"},{"taxonomy":"product_cat","embeddable":true,"href":"https:\/\/trendfurniture.ee\/en\/wp-json\/wp\/v2\/product_cat?post=37937"},{"taxonomy":"product_tag","embeddable":true,"href":"https:\/\/trendfurniture.ee\/en\/wp-json\/wp\/v2\/product_tag?post=37937"}],"curies":[{"name":"wp","href":"https:\/\/api.w.org\/{rel}","templated":true}]}}